{"id":23,"date":"2009-09-27T18:19:03","date_gmt":"2009-09-27T16:19:03","guid":{"rendered":"https:\/\/www.diwie.eu\/wordpress\/hier-etwas-ueber-mich\/"},"modified":"2017-10-09T09:33:39","modified_gmt":"2017-10-09T07:33:39","slug":"hier-etwas-ueber-mich","status":"publish","type":"page","link":"https:\/\/www.Diwie.eu\/wordpress\/hier-etwas-ueber-mich\/","title":{"rendered":"Hier etwas \u00fcber mich"},"content":{"rendered":"<p align=\"center\"> <strong> <img loading=\"lazy\" decoding=\"async\" src=\"https:\/\/www.diwie.eu\/MySymbols\/029153-green-jelly-icon-culture-world1.png\" alt=\"\" width=\"148\" height=\"79\" border=\"0\" align=\"middle\"><\/strong><strong> stellt sich vor&#8230;<\/strong><\/p>\n<p><strong> <\/strong><\/p>\n<div> Am  Anfang war die Musik, wo sie war, war auch Steve. Schon im zarten Alter   von 5  Jahren tr\u00e4llerte er leidenschaftlich die Opern im Fernsehen mit.   Heutzutage f\u00e4llt  ihm zu jeder Gelegenheit das passende Liedchen ein und er unterh\u00e4lt  all seine Freunde mit Chansons in allen Stimmlagen.<\/div>\n<div>\n<p align=\"center\"> \u00a0 <a href=\"https:\/\/www.diwie.eu\/smily.htm\"> <img loading=\"lazy\" decoding=\"async\" src=\"https:\/\/www.diwie.eu\/MySymbols\/029153-green-jelly-icon-culture-world1.png\" alt=\"\" width=\"37\" height=\"30\" border=\"0\"><\/a><\/p>\n<\/div>\n<div> Ja  er beherrscht seine Stimme sogar so gut, dass er regelm\u00e4\u00dfig an Telefonen   und T\u00fcrsprechanlagen  alle Leute t\u00e4uscht. Und falls man in irgendwelchen W\u00e4ldern und   Schluchten die  Arien vom <em>Phantom der Oper<\/em>\u00a0 h\u00f6rt, ist  es 100prozentig Steve, der schon wieder seinem Hobby fr\u00f6nt, der Natur.   Oft  sieht man ihn \u00fcberm\u00fctig \u00fcber Wiesen und Felder tollen und auf B\u00e4ume  klettern. Kein Tag vergeht, ohne dass er einen Abstecher in die seine   Wohnung  umgebende Landschaft unternimmt. Er hat die F\u00e4higkeit, andere dazu zu  Begeistern, <a href=\"https:\/\/www.diwie.eu\/drupal\/recipe\/bycat\">Partys<\/a> im <a href=\"https:\/\/www.diwie.eu\/Steve\/Garten\/Erntekalender.htm\">Garten<\/a> z.B.,  k\u00f6nnen spannende Rundf\u00fchrungen und Lehrstunden enthalten!!! \u00a0<\/div>\n<div> Im  krassen Gegensatz dazu scheint seine Liebe f\u00fcr <a href=\"https:\/\/www.diwie.eu\/wordpress\/diskussionsforum\/\">Computer<\/a> zu stehen.   Egal was es  f\u00fcr Fehlermeldungen gibt, Steve kennt die <a title=\"Falls Ihr Probleme   habt, startet dieses Programm. Damit kann ich auf Euren Rechner gucken   und weiterhelfen.\" href=\"https:\/\/www.diwie.eu\/Download\/RemoteSupport\/\">L\u00f6sung<\/a>.   In den Tiefen der  Verzeichnisse seines Computerzimmers<br \/>\n  <!--(TV und VCR inklusive) --><br \/>\n  finden   sich Unmengen  von <a href=\"https:\/\/www.diwie.eu\/drupal\/content\/fotos-more-watch-it\">Fotos<\/a> und <a href=\"https:\/\/www.diwie.eu\/drupal\/content\/gedichte\">Gedichten<\/a>, die seine Art   von Tagebuchf\u00fchrung darstellen. Wer ihn  nicht kennt, h\u00e4lt ihn wahrscheinlich f\u00fcr verr\u00fcckt, aber eigentlich ist   er ein  lieber, zur\u00fcckhaltender und st\u00e4ndig zu Scherzen aufgelegter Kerl, der   f\u00fcr  alles und jeden offen ist. <\/div>\n<div>\n<p align=\"right\"> <a href=\"https:\/\/www.diwie.eu\/wordpress\/meine-freunde\/#Lisa\">L.H.<\/a> &amp; <a href=\"https:\/\/www.diwie.eu\/wordpress\/meine-freunde\/#Claudi\">C.N.<\/a><\/p>\n<\/div>\n<p align=\"center\"><strong><img loading=\"lazy\" decoding=\"async\" src=\"https:\/\/www.diwie.eu\/MySymbols\/029153-green-jelly-icon-culture-world1.png\" align=\"middle\" border=\"0\" height=\"79\" width=\"148\"><\/strong><strong>die lange Fassung<\/strong><\/p>\n<p>Am 12.August des Jahres 1978  erblickte ein<br \/>\n  <!--    s\u00fc\u00dfer--><br \/>\n  kleiner Blondie das Licht der Welt. Seine Eltern gaben ihm  den Namen Steve, allerdings sollten sich im Laufe seines Lebens  verschiedene Synonyme &amp; Spitznamen  dazugesellen.\u00a0<\/p>\n<p>Klein Steve war ein recht aufgewecktes  Kind.\u00a0 Bereits sehr fr\u00fch entwickelte sich seine  ausgepr\u00e4gte Liebe zur Natur. Kirschb\u00e4ume, W\u00e4lder,  Parkanlagen und Wiesen wurden zu Steve&#8217;s &#8220;Revier&#8221; erkl\u00e4rt.  Nichts war sicher vor seinem Entdeckergeist, der nur ab und zu  durch ein paar Schrammen gebremst wurde, eine Leidenschaft, die er  sich bis heute bewahrt hat. Die Natur ist seine Art von Religion,  sein Zuhause, sein Asyl. In der Schule war er ein recht helles  K\u00f6pfchen, so dass er im Jahre 1997 stolz sein Abitur beenden  konnte. Eine Ausbildung zum Kaufmann f\u00fcr <a href=\"https:\/\/www.diwie.eu\/Steve\/bueromaterialien.htm\">B\u00fcrokommunikation<\/a> folgte und legte  somit einen beruflichen Grundstein.\u00a0<\/p>\n<p>Steve, zu kategorisieren, f\u00e4llt schwer,  ist er doch ein Individuum mit einem ausgepr\u00e4gten Charakter.  Gerechtigkeitssinn, G\u00fcte, Ehrlichkeit und Humor sind seine  Qualit\u00e4ten. Sein Leben ist bestimmt durch Spontaneit\u00e4t,  Kreativit\u00e4t und durch eine Menge kleiner und gro\u00dfer &#8211;  freilich immer harmloser &#8211; Verr\u00fccktheiten. Manchmal hebt er  vielleicht ein bisschen ab, immer dann, wenn ihm bewusst wird, dass  er eigentlich verdammt gut aussieht und praktisch nahezu jedes  M\u00e4dchen bei seinem Anblick schwach werden  k\u00f6nnte.<\/p>\n<p>Steve&#8217;s Hobbies  sind gr\u00f6\u00dftenteils im k\u00fcnstlerisch-kreativen Bereich  angesiedelt. Seine <a href=\"https:\/\/www.diwie.eu\/drupal\/content\/gedichte\">Gedichte<\/a> treffen fast immer   den Nerv des  Lesers &#8211; er hat ein nahezu unersch\u00f6pfliches Repertoire an  Ideen und kann seine Gef\u00fchle emotional bewegend zum Ausdruck  bringen. Leidenschaftlich gern fr\u00f6nt er der <a href=\"https:\/\/www.diwie.eu\/drupal\/content\/fotos-more-watch-it\">Fotografie<\/a>, ein Hobby, dass  ihm Dutzende Fotoalben einbrachte. (siehe dazu entspr. Links auf  dieser Homepage.) Seine dritte gro\u00dfe Leidenschaft ist  die <a href=\"https:\/\/www.diwie.eu\/wordpress\/music-more-listen-to-it\/\">Musik<\/a>. Steve   singt alles:  Opernarien, Musicalhits und Chartst\u00fcrmer&#8230; Um diesem Hobby  einen Sinn zu geben, singt und sang Steve in verschiedensten  Ch\u00f6ren und &#8211; man h\u00f6re und staune &#8211; in verschiedensten  Stimmlagen vom Mezzosopran bis zum Bass&#8230; Aber unser  Sch\u00fctzling h\u00f6rt auch gern Musik, seine Interessen reichen  von Gothic-Rock \u00fcber Punk bis hin zu DarkWave und Heavy  Metal.<\/p>\n<p>Nun, wie der   interessierte Leser sicher feststellt,  k\u00f6nnte man ein ganzes Buch \u00fcber diesen verr\u00fcckten  Typen schreiben, so vielschichtig und einzigartig ist seine  Pers\u00f6nlichkeit. Aber um es mit einem Satz zusammenzufassen:  <a href=\"https:\/\/www.diwie.eu\/drupal\/content\/steve-bis-2010\" title=\"Fotos\">Steve<\/a> ist ein wirklich interessanter und sympathischer junger Mann,  den man nur lieb haben kann, einer, der sich seine eigene  lebenswerte kleine Welt geschaffen hat, in der er und seine Freunde  jedenfalls immer eine Menge Spa\u00df  haben&#8230;<\/p>\n<p align=\"right\"><a href=\"https:\/\/www.diwie.eu\/wordpress\/meine-freunde\/#Ronny\">R.W.<\/a><\/p>\n","protected":false},"excerpt":{"rendered":"<p>stellt sich vor&#8230; Am Anfang war die Musik, wo sie war, war auch Steve. Schon im zarten Alter von 5 Jahren tr\u00e4llerte er leidenschaftlich die Opern im Fernsehen mit. Heutzutage f\u00e4llt ihm zu jeder Gelegenheit das passende Liedchen ein und er unterh\u00e4lt all seine Freunde mit Chansons in allen Stimmlagen. \u00a0 Ja er beherrscht seine [&hellip;]<\/p>\n","protected":false},"author":1,"featured_media":24,"parent":0,"menu_order":0,"comment_status":"closed","ping_status":"closed","template":"","meta":{"_bbp_topic_count":0,"_bbp_reply_count":0,"_bbp_total_topic_count":0,"_bbp_total_reply_count":0,"_bbp_voice_count":0,"_bbp_anonymous_reply_count":0,"_bbp_topic_count_hidden":0,"_bbp_reply_count_hidden":0,"_bbp_forum_subforum_count":0,"_crdt_document":"","rop_custom_images_group":[],"rop_custom_messages_group":[],"rop_publish_now":"initial","rop_publish_now_accounts":{"facebook_10157842446526608_172944659475038":""},"rop_publish_now_history":[],"rop_publish_now_status":"pending","ngg_post_thumbnail":0,"exifize_date":"","footnotes":""},"class_list":["bg-stuff"],"publishpress_future_action":{"enabled":false,"date":"2026-05-10 19:31:47","action":"change-status","newStatus":"draft","terms":[],"taxonomy":"","extraData":[]},"publishpress_future_workflow_manual_trigger":{"enabledWorkflows":[]},"_links":{"self":[{"href":"https:\/\/www.Diwie.eu\/wordpress\/wp-json\/wp\/v2\/pages\/23","targetHints":{"allow":["GET"]}}],"collection":[{"href":"https:\/\/www.Diwie.eu\/wordpress\/wp-json\/wp\/v2\/pages"}],"about":[{"href":"https:\/\/www.Diwie.eu\/wordpress\/wp-json\/wp\/v2\/types\/page"}],"author":[{"embeddable":true,"href":"https:\/\/www.Diwie.eu\/wordpress\/wp-json\/wp\/v2\/users\/1"}],"replies":[{"embeddable":true,"href":"https:\/\/www.Diwie.eu\/wordpress\/wp-json\/wp\/v2\/comments?post=23"}],"version-history":[{"count":0,"href":"https:\/\/www.Diwie.eu\/wordpress\/wp-json\/wp\/v2\/pages\/23\/revisions"}],"wp:featuredmedia":[{"embeddable":true,"href":"https:\/\/www.Diwie.eu\/wordpress\/wp-json\/wp\/v2\/media\/24"}],"wp:attachment":[{"href":"https:\/\/www.Diwie.eu\/wordpress\/wp-json\/wp\/v2\/media?parent=23"}],"curies":[{"name":"wp","href":"https:\/\/api.w.org\/{rel}","templated":true}]}}