{"id":23934,"date":"2016-11-20T20:02:35","date_gmt":"2016-11-20T19:02:35","guid":{"rendered":"https:\/\/www.diwie.eu\/wordpress\/?page_id=23934"},"modified":"2016-11-20T20:02:35","modified_gmt":"2016-11-20T19:02:35","slug":"freitag-vorschlag-fuer-einen-tag-im-sued-schwarzwald-waldlehrpfad-in-todtnau-praeg","status":"publish","type":"page","link":"https:\/\/www.Diwie.eu\/wordpress\/freitag-vorschlag-fuer-einen-tag-im-sued-schwarzwald-waldlehrpfad-in-todtnau-praeg\/","title":{"rendered":"Freitag \u2013 Vorschlag f\u00fcr einen Tag im S\u00fcd-Schwarzwald &#8211; Waldlehrpfad in Todtnau-Praeg"},"content":{"rendered":"<p align=\"center\"><span style=\"font-family: Tempus Sans ITC,MS Serif,Times; font-size: medium;\"><b><span style=\"color: white;\"><span style=\"color: #ff0000;\">W<\/span><span style=\"color: #ff0508;\">a<\/span><span style=\"color: #ff0b11;\">l<\/span><span style=\"color: #ff101a;\">d<\/span><span style=\"color: #ff1623;\">l<\/span><span style=\"color: #ff1b2b;\">e<\/span><span style=\"color: #ff1f34;\">h<\/span><span style=\"color: #ff243d;\">r<\/span><span style=\"color: #ff2846;\">p<\/span><span style=\"color: #ff2c4f;\">f<\/span><span style=\"color: #ff2f57;\">a<\/span><span style=\"color: #ff3160;\">d<\/span> <span style=\"color: #ff3572;\">i<\/span><span style=\"color: #ff367b;\">n<\/span> <span style=\"color: #ff368c;\">T<\/span><span style=\"color: #ff3695;\">o<\/span><span style=\"color: #ff349e;\">d<\/span><span style=\"color: #ff32a7;\">t<\/span><span style=\"color: #ff30af;\">n<\/span><span style=\"color: #ff2db8;\">a<\/span><span style=\"color: #ff29c1;\">u<\/span><span style=\"color: #ff25ca;\">&#8211;<\/span><span style=\"color: #ff21d3;\">P<\/span><span style=\"color: #ff1cdb;\">r<\/span><span style=\"color: #ff18e4;\">a<\/span><span style=\"color: #ff12ed;\">e<\/span><span style=\"color: #ff0df6;\">g<\/span> <\/span><br \/>\n<\/b><\/span><\/p>\n<p align=\"center\"><span style=\"color: white; font-family: Tempus Sans ITC,MS Serif,Times; font-size: medium;\"><b>Nicht nur f\u00fcr Wintersport ist der Kletscherkessel Praeg (mit Endmor\u00e4nen, Seen und Ger\u00f6llhalden) geeignet sondern auch Bequeme Rundwege, H\u00f6henwege, Weidelehrpfad und der Naturpfad sind hier zu finden.<\/b><\/span><\/p>\n<p align=\"center\"><span style=\"font-family: Tempus Sans ITC,MS Serif,Times; font-size: medium;\"><b><a class=\"foobox\" rel=\"gallery\" href=\"https:\/\/www.diwie.eu\/wordpress\/wp-content\/uploads\/AusflugstippsundSehenswuerdigkeiteninThueringen\/Ausflugstipps\/Schwarzwald\/Freitag\/Im%20Sued-Schwarzwald%20Wanderlehrpfad%20in%20Praeg%20Fr.10.08.2001.jpg\"><img loading=\"lazy\" decoding=\"async\" src=\"https:\/\/www.diwie.eu\/wordpress\/wp-content\/uploads\/AusflugstippsundSehenswuerdigkeiteninThueringen\/Ausflugstipps\/Schwarzwald\/Freitag\/THN\/Im%20Sued-Schwarzwald%20Wanderlehrpfad%20in%20Praeg%20Fr.10.08.2001.jpg\" border=\"0\" width=\"150\" height=\"130\"><\/a> <a class=\"foobox\" rel=\"gallery\" href=\"https:\/\/www.diwie.eu\/wordpress\/wp-content\/uploads\/AusflugstippsundSehenswuerdigkeiteninThueringen\/Ausflugstipps\/Schwarzwald\/Freitag\/Im%20Sued-Schwarzwald%20Wanderlehrpfad%20in%20Praeg%20Fr.10.08.2001%202.jpg\"><img loading=\"lazy\" decoding=\"async\" src=\"https:\/\/www.diwie.eu\/wordpress\/wp-content\/uploads\/AusflugstippsundSehenswuerdigkeiteninThueringen\/Ausflugstipps\/Schwarzwald\/Freitag\/THN\/Im%20Sued-Schwarzwald%20Wanderlehrpfad%20in%20Praeg%20Fr.10.08.2001%202.jpg\" border=\"0\" width=\"150\" height=\"102\"><\/a><\/b><\/span><\/p>\n","protected":false},"excerpt":{"rendered":"<p>Waldlehrpfad in Todtnau&#8211;Praeg Nicht nur f\u00fcr Wintersport ist der Kletscherkessel Praeg (mit Endmor\u00e4nen, Seen und Ger\u00f6llhalden) geeignet sondern auch Bequeme Rundwege, H\u00f6henwege, Weidelehrpfad und der Naturpfad sind hier zu finden.<\/p>\n","protected":false},"author":1,"featured_media":-1,"parent":0,"menu_order":0,"comment_status":"closed","ping_status":"closed","template":"","meta":{"_bbp_topic_count":0,"_bbp_reply_count":0,"_bbp_total_topic_count":0,"_bbp_total_reply_count":0,"_bbp_voice_count":0,"_bbp_anonymous_reply_count":0,"_bbp_topic_count_hidden":0,"_bbp_reply_count_hidden":0,"_bbp_forum_subforum_count":0,"_crdt_document":"","rop_custom_images_group":[],"rop_custom_messages_group":[],"rop_publish_now":"initial","rop_publish_now_accounts":{"facebook_10157842446526608_172944659475038":""},"rop_publish_now_history":[],"rop_publish_now_status":"pending","ngg_post_thumbnail":0,"exifize_date":"","footnotes":""},"class_list":["bg-stuff"],"publishpress_future_action":{"enabled":false,"date":"2026-04-18 13:31:12","action":"change-status","newStatus":"draft","terms":[],"taxonomy":"","extraData":[]},"publishpress_future_workflow_manual_trigger":{"enabledWorkflows":[]},"_links":{"self":[{"href":"https:\/\/www.Diwie.eu\/wordpress\/wp-json\/wp\/v2\/pages\/23934","targetHints":{"allow":["GET"]}}],"collection":[{"href":"https:\/\/www.Diwie.eu\/wordpress\/wp-json\/wp\/v2\/pages"}],"about":[{"href":"https:\/\/www.Diwie.eu\/wordpress\/wp-json\/wp\/v2\/types\/page"}],"author":[{"embeddable":true,"href":"https:\/\/www.Diwie.eu\/wordpress\/wp-json\/wp\/v2\/users\/1"}],"replies":[{"embeddable":true,"href":"https:\/\/www.Diwie.eu\/wordpress\/wp-json\/wp\/v2\/comments?post=23934"}],"version-history":[{"count":0,"href":"https:\/\/www.Diwie.eu\/wordpress\/wp-json\/wp\/v2\/pages\/23934\/revisions"}],"wp:featuredmedia":[{"embeddable":true,"href":"https:\/\/www.Diwie.eu\/wordpress\/wp-json\/"}],"wp:attachment":[{"href":"https:\/\/www.Diwie.eu\/wordpress\/wp-json\/wp\/v2\/media?parent=23934"}],"curies":[{"name":"wp","href":"https:\/\/api.w.org\/{rel}","templated":true}]}}