{"id":24649,"date":"2016-11-20T19:50:17","date_gmt":"2016-11-20T18:50:17","guid":{"rendered":"https:\/\/www.diwie.eu\/wordpress\/?page_id=24649"},"modified":"2016-11-20T19:56:42","modified_gmt":"2016-11-20T18:56:42","slug":"musik-von-euphoria","status":"publish","type":"page","link":"https:\/\/www.Diwie.eu\/wordpress\/musik-von-euphoria\/","title":{"rendered":"Musik von Euphor\u00eda&#8230;"},"content":{"rendered":"<p>Das Akapella-Duo Euphor\u00eda komponiert Musik zum entspannen oder einfach zum zuh\u00f6ren.<\/p>\n<h2 align=\"center\" dynamicanimation=\"fpAnimelasticBottomFP1\" id=\"fpAnimelasticBottomFP1\" style=\"position: relative !important; visibility: hidden\" language=\"Javascript1.2\"><font face=\"Arial\" size=\"5\"><marquee align=\"middle\" behavior=\"slide\" loop=\"1\" width=\"199\" height=\"38\">Klavier und Solo<\/marquee><\/font><\/h2>\n<p>&nbsp;<\/p>\n<p><dir type=\"disc\"><\/p>\n<li><a href=\"https:\/\/www.diwie.eu\/Musik\/Euphoria\/MP3\/Mystic%20der%20Barok.mp3\">Mystic der Barok<\/a><\/li>\n<li><a href=\"https:\/\/www.diwie.eu\/Musik\/Euphoria\/MP3\/Weihnachtsfreude%20an%20einem%20grauen%20Novembertag.mp3\">Weihnachtsfreude\n<p>      an einem grauen Novembertag<\/a><\/li>\n<p><!--    \n\n<li><a href=\"https:\/\/Diwie.webjump.com\/Musik\/Euphoria\/MP3\/OSTSEE.MP3\">Ostsee<\/a><\/li>\n\n \/\/--><\/p>\n<li><a href=\"https:\/\/www.diwie.eu\/Musik\/Euphoria\/MP3\/Zeit%20f\u00fcr%20Tr\u00e4ume.mp3\">Zeit f\u00fcr Tr\u00e4ume<\/a><\/li>\n<li><a href=\"https:\/\/www.diwie.eu\/Musik\/Euphoria\/MP3\/Sphaere4.mp3\">Sphaere 4<\/a><\/li>\n<p><\/dir><\/p>\n<p><a style=\"display:none\" href=\"#\"><br \/>\n&#8230;entstanden aus Accapeers<\/p>\n<p>Damals erweiterten wir unsere Chorgruppe um einige Mitglieder und einen neuen Pianisten. Doch dies f\u00fchrte zu Streitigkeiten. Der Spa\u00df am Singen ging uns verloren, jetzt ging es nur noch um Auftritte, Leistung und Geld.<\/p>\n<p>Im Januar 1999 wurde der letzte der urspr\u00fcnglichen Gr\u00fcnder nach einer Abstimmung<br \/>\nmehrheitlich vom Singen ausgeschlossen, da er ja zu langsam lernte. Die endg\u00fcltige Ausl\u00f6sung fand im Fr\u00fchjahr 2000 statt.<\/p>\n<p>Aus diesem Grund haben wir eine neue Chorgruppe gegr\u00fcndet und Arbeiten zu zweit als Euphor\u00eda weiter. Da man nun aber nicht aufgeben soll, gibt es noch eine neue Band: Die Mister Schlager, sie besteht seit August 2000 noch im selben Monat traten wir zum Bandwettbewerb an.<\/a><\/p>\n","protected":false},"excerpt":{"rendered":"<p>Das Akapella-Duo Euphor\u00eda komponiert Musik zum entspannen oder einfach zum zuh\u00f6ren. Klavier und Solo &nbsp; Mystic der Barok Weihnachtsfreude an einem grauen Novembertag Zeit f\u00fcr Tr\u00e4ume Sphaere 4 &#8230;entstanden aus Accapeers Damals erweiterten wir unsere Chorgruppe um einige Mitglieder und einen neuen Pianisten. Doch dies f\u00fchrte zu Streitigkeiten. Der Spa\u00df am Singen ging uns verloren, [&hellip;]<\/p>\n","protected":false},"author":1,"featured_media":-1,"parent":0,"menu_order":0,"comment_status":"closed","ping_status":"closed","template":"","meta":{"_bbp_topic_count":0,"_bbp_reply_count":0,"_bbp_total_topic_count":0,"_bbp_total_reply_count":0,"_bbp_voice_count":0,"_bbp_anonymous_reply_count":0,"_bbp_topic_count_hidden":0,"_bbp_reply_count_hidden":0,"_bbp_forum_subforum_count":0,"_crdt_document":"","rop_custom_images_group":[],"rop_custom_messages_group":[],"rop_publish_now":"initial","rop_publish_now_accounts":{"facebook_10157842446526608_172944659475038":""},"rop_publish_now_history":[],"rop_publish_now_status":"pending","ngg_post_thumbnail":0,"exifize_date":"","footnotes":""},"class_list":["bg-stuff"],"publishpress_future_action":{"enabled":false,"date":"2026-04-27 15:10:00","action":"change-status","newStatus":"draft","terms":[],"taxonomy":"","extraData":[]},"publishpress_future_workflow_manual_trigger":{"enabledWorkflows":[]},"_links":{"self":[{"href":"https:\/\/www.Diwie.eu\/wordpress\/wp-json\/wp\/v2\/pages\/24649","targetHints":{"allow":["GET"]}}],"collection":[{"href":"https:\/\/www.Diwie.eu\/wordpress\/wp-json\/wp\/v2\/pages"}],"about":[{"href":"https:\/\/www.Diwie.eu\/wordpress\/wp-json\/wp\/v2\/types\/page"}],"author":[{"embeddable":true,"href":"https:\/\/www.Diwie.eu\/wordpress\/wp-json\/wp\/v2\/users\/1"}],"replies":[{"embeddable":true,"href":"https:\/\/www.Diwie.eu\/wordpress\/wp-json\/wp\/v2\/comments?post=24649"}],"version-history":[{"count":0,"href":"https:\/\/www.Diwie.eu\/wordpress\/wp-json\/wp\/v2\/pages\/24649\/revisions"}],"wp:featuredmedia":[{"embeddable":true,"href":"https:\/\/www.Diwie.eu\/wordpress\/wp-json\/"}],"wp:attachment":[{"href":"https:\/\/www.Diwie.eu\/wordpress\/wp-json\/wp\/v2\/media?parent=24649"}],"curies":[{"name":"wp","href":"https:\/\/api.w.org\/{rel}","templated":true}]}}