{"id":24739,"date":"2016-11-20T19:55:04","date_gmt":"2016-11-20T18:55:04","guid":{"rendered":"https:\/\/www.diwie.eu\/wordpress\/?page_id=24739"},"modified":"2000-11-20T21:13:15","modified_gmt":"2000-11-20T20:13:15","slug":"mister-schlager-die-chaotenband","status":"publish","type":"page","link":"https:\/\/www.Diwie.eu\/wordpress\/mister-schlager-die-chaotenband\/","title":{"rendered":"Mister Schlager &#8211; Die Chaotenband"},"content":{"rendered":"<h2 style=\"margin-left: 20px;\" align=\"center\">\n<p><img loading=\"lazy\" decoding=\"async\" src=\"https:\/\/www.diwie.eu\/Musik\/Band\/BandLogoBlume.gif\" border=\"0\" height=\"59\" width=\"288\"><\/p>\n<p>Die Band ist Mitte Juni 2000 gegr\u00fcndet worden. Die Mitglieder versteifen sich nicht auf eine Musikrichtung vielmehr ist der Spa\u00df an der Sache wichtig und wenn unser Publikum Spa\u00df daran hat so freut uns das. Einfl\u00fcsse aus Pop, Rock, Schlager sowie<br \/>\nJazz und Barock macht die Musik interessant.<\/h2>\n<p><font face=\"Lucida Casual\" size=\"1\"> <\/font><\/p>\n<p align=\"center\">\n<p><font face=\"Lucida Casual\" size=\"1\"><center><img loading=\"lazy\" decoding=\"async\" src=\"https:\/\/www.diwie.eu\/Musik\/Band\/BandFoto.jpg\" usemap=\"#BandFoto\" border=\"0\" height=\"430\" width=\"624\"><\/p>\n<map name=\"BandFoto\">\n<area shape=\"POLY\" href=\"#sebas\" target=\"_self\" title=\"Sebastian\" alt=\"Sebastian\" coords=\"458, 338, 435, 335, 429, 350, 428, 315, 413, 309, 408, 276, 401, 276, 410, 234, 404, 208, 425, 164, 403, 145, 397, 128, 399, 104, 414, 91, 435, 85, 458, 93, 471, 105, 475, 125, 482, 129, 476, 140, 486, 152, 481, 180, 489, 189, 500, 215, 509, 218, 510, 228, 466, 249, 443, 300, 461, 309, 457, 339, 458, 338\" onfocus=\"this.blur()\">\n<area shape=\"POLY\" href=\"#denis\" target=\"_self\" title=\"Dennis\" alt=\"Dennis\" coords=\"364, 427, 365, 380, 379, 337, 379, 277, 383, 276, 374, 210, 338, 189, 339, 177, 360, 152, 370, 148, 364, 123, 365, 103, 377, 91, 392, 84, 404, 84, 411, 92, 399, 104, 396, 129, 403, 145, 423, 165, 419, 177, 415, 177, 403, 206, 407, 234, 399, 278, 405, 279, 413, 310, 426, 318, 430, 349, 436, 335, 457, 341, 454, 395, 458, 428, 364, 428, 364, 427\" onfocus=\"this.blur()\">\n<area shape=\"POLY\" href=\"#eckis\" target=\"_self\" title=\"Ecki\" alt=\"Ecki\" coords=\"231, 263, 243, 225, 256, 216, 256, 206, 294, 191, 303, 153, 300, 145, 303, 138, 306, 138, 315, 119, 332, 112, 350, 119, 360, 133, 360, 149, 349, 162, 338, 175, 337, 186, 374, 208, 384, 272, 378, 274, 378, 333, 368, 362, 363, 382, 362, 426, 262, 423, 262, 416, 270, 400, 274, 380, 258, 350, 275, 336, 252, 283, 232, 267, 231, 263\" onfocus=\"this.blur()\">\n<area shape=\"POLY\" href=\"#maria\" target=\"_self\" title=\"Maria\" alt=\"Maria\" coords=\"263, 427, 258, 421, 268, 407, 272, 385, 257, 350, 272, 340, 248, 281, 220, 261, 219, 256, 231, 248, 240, 229, 249, 225, 254, 220, 255, 207, 266, 203, 265, 198, 256, 197, 256, 190, 260, 186, 242, 172, 221, 163, 189, 169, 169, 193, 160, 225, 169, 255, 120, 290, 97, 347, 99, 407, 149, 414, 149, 426, 264, 426, 263, 427\" onfocus=\"this.blur()\">\n<area shape=\"POLY\" href=\"#micha\" target=\"_self\" title=\"Michael\" alt=\"Michael\" coords=\"134, 191, 168, 183, 171, 172, 161, 162, 161, 151, 165, 150, 163, 136, 168, 125, 188, 113, 205, 120, 220, 133, 222, 160, 207, 166, 192, 167, 177, 180, 163, 204, 160, 230, 147, 197, 129, 191, 134, 191\" onfocus=\"this.blur()\">\n<area shape=\"POLY\" href=\"#steve\" target=\"_self\" title=\"Steve\" alt=\"Steve\" coords=\"1, 200, 54, 183, 63, 158, 50, 118, 56, 100, 76, 88, 112, 92, 139, 111, 134, 123, 127, 131, 132, 149, 125, 152, 126, 161, 123, 171, 120, 176, 105, 177, 105, 182, 146, 197, 168, 253, 117, 290, 99, 349, 100, 406, 147, 414, 148, 428, 1, 426, 1, 199, 1, 201, 1, 200\" onfocus=\"this.blur()\"><\/map>\n<p><\/center><\/p>\n<hr>\n<p><font face=\"Lucida Casual\" size=\"4\"><b><\/b><\/font><b><font face=\"Lucida Casual\" size=\"1\"><\/font><\/b><\/p>\n<p><a name=\"sebas\"><\/a><\/p>\n<p><font face=\"Lucida Casual\" size=\"1\"><font face=\"Lucida Casual\" size=\"4\"><b style=\"\"><\/p>\n<div>Sebastian<\/p>\n<\/div>\n<p><\/b><\/p>\n<div>der absolut schrille Schlagertyp mit<\/p>\n<p>dem Spitznamen \u0084Mr. Schlager\u0093 hat immer spritzige Songs auf den Lippen<\/p>\n<p>(vorwiegend aus vergangen Zeiten). Sein innigster Wunsch ist die Teilname am<\/p>\n<p>\u0084Grand-Prix-Vorausscheid\u0093. \u0096 Er hat das Zeug dazu \u0096 oder? Entscheidet<\/p>\n<p>selbst&#8230;<o:p><\/p>\n<p><\/o:p><\/p>\n<div align=\"center\">\n  <center><\/p>\n<table border=\"0\" cellspacing=\"1\" width=\"95%\">\n<tr>\n<td width=\"50%\">\n<p align=\"center\"><font color=\"#0a4133\" size=\"5\"><i>&quot;Am Ende,<br \/>\n        bleibt ja nur noch einer, der die komplette Einheit perfekt macht: Ich,<br \/>\n        Mister Polyester, Danke.&quot;<\/i><\/font><\/td>\n<p>    <\/center><\/p>\n<td width=\"50%\">\n<p align=\"center\"><img loading=\"lazy\" decoding=\"async\" border=\"0\" src=\"https:\/\/www.diwie.eu\/Musik\/Band\/Typen\/Sebastian%20-%20Auftritt%20zu%20einer%20Geburtstagsfeier%20im%20Zeissgymnasium.jpg\" width=\"303\" height=\"379\"><\/p>\n<p>      <center><\/p>\n<p align=\"center\"><font color=\"#0a4133\">Auftritt zu einer Geburtstagsfeier im Zeissgymnasium<\/font><\/td>\n<\/tr>\n<\/table>\n<\/div>\n<p><\/B><\/p>\n<p><embed src=\"https:\/\/www.diwie.eu\/Musik\/Band\/Typen\/MeineSehrVerehrtenDamenUndHerren.mp3\" AUTOSTART=true HIDDEN VOLUME=100 WIDTH=0 Height=0 loop=false align=\"center\" type=\"audio\/mp3\"><\/p>\n<hr>\n<p><a name=\"maria\"><\/a><\/p>\n<p><font face=\"Lucida Casual\" size=\"1\"><font face=\"Lucida Casual\" size=\"4\"><b style=\"\"><\/p>\n<div>Maria<\/p>\n<\/div>\n<p><\/b><\/p>\n<div style=\"font-size: 14pt; font-family: &quot;Lucida Casual&quot;;\"> ist E-Gittarristin. Sie strahlt immer,<\/p>\n<p>selbst in Krisensituationen, Optimismus aus. Ihre (absolut) geniale Ruhe steckt<\/p>\n<p>uns alle an. <o:p><\/p>\n<p><\/o:p><\/p>\n<\/div>\n<p><\/font><\/font><\/p>\n<div align=\"center\">\n<p>  <center><\/p>\n<table border=\"0\" cellspacing=\"1\" width=\"95%\">\n<tr>\n<td width=\"50%\">\n<p align=\"center\"><font color=\"#0a4133\" size=\"5\"><i>&quot;Zu meiner Seite, die weibliche Antwort auf Jimmy Hendricks &#8211; die einzigstse Misses unter den Mistern: Maria.&quot;<\/i><\/font><\/td>\n<p>    <\/center><\/p>\n<td width=\"50%\">\n<p align=\"center\"><img loading=\"lazy\" decoding=\"async\" border=\"0\" src=\"https:\/\/www.diwie.eu\/Musik\/Band\/Typen\/Maria%20-%20Warten%20auf%20den%20Schluessel%20Fr.01.12.2000.jpg\" width=\"210\" height=\"221\"><\/p>\n<p>      <center><\/p>\n<p align=\"center\"><font color=\"#0a4133\">Bandprobe<\/font><\/td>\n<\/tr>\n<\/table>\n<\/div>\n<p><\/B><\/p>\n<hr>\n<p><a name=\"denis\"><\/a><\/p>\n<p style=\"color: rgb(0, 0, 0);\">\n<p><font face=\"Lucida Casual\" size=\"1\"><font face=\"Lucida Casual\" size=\"4\"><b style=\"\"><\/p>\n<div>Dennis<\/p><\/div>\n<p><\/b><\/p>\n<div style=\"font-size: 14pt; font-family: &quot;Lucida Casual&quot;;\">ist<\/p>\n<p>unser Bandspezialist, er verf\u00fcgt \u00fcber die meisten Banderfahrungen. Nichts kann<\/p>\n<p>ihn mehr ersch\u00fcttern.<o:p><\/p>\n<p><\/o:p><\/p>\n<\/div>\n<p><\/font><\/font><\/p>\n<hr>\n<p><a name=\"eckis\"><\/a><\/p>\n<p><font face=\"Lucida Casual\" size=\"1\"><font face=\"Lucida Casual\" size=\"4\"><b style=\"\"><\/p>\n<div>Ecki<\/p><\/div>\n<p><\/b><\/p>\n<div style=\"font-size: 14pt; font-family: &quot;Lucida Casual&quot;;\">spielt Keyboard und Klavier. Er f\u00e4llt durch seine absolute Spontanit\u00e4t auf. Er verf\u00fcgt \u00fcber 8 Jahre Klaviererfahrungen und ist auf Parties der absolute Renner.<o:p><\/p>\n<p><\/o:p><\/p>\n<\/div>\n<p><\/font><\/font><\/p>\n<hr>\n<p><a name=\"micha\"><\/a><\/p>\n<p><font face=\"Lucida Casual\" size=\"1\"><font face=\"Lucida Casual\" size=\"4\"><b style=\"\"><\/p>\n<div>Micha<\/p>\n<p><\/b> <br \/><span style=\"font-weight: normal;\">ist unser Organisationstalent. Er k\u00fcmmert sich mit viel Engagement um der Belange der Band und spr\u00fcht vor Ideenreichtum auch im Kompositionsbereich. Jahrelange  Chorerfahrungen in der Jenaer Philharmonie (16 Jahre) machen ihn f\u00fcr unsere Band unersetzlich.<\/span><\/div>\n<p><\/b><\/font><\/font><\/p>\n<div align=\"center\">\n<p>  <center><\/p>\n<table border=\"0\" cellspacing=\"1\" width=\"95%\">\n<tr>\n<td width=\"50%\">\n<p align=\"center\"><font color=\"#0a4133\" size=\"5\"><i>&quot;Mister Kompositore&quot;<\/i><\/font><\/td>\n<p>    <\/center><\/p>\n<td width=\"50%\">\n<p align=\"center\"><img loading=\"lazy\" decoding=\"async\" border=\"0\" src=\"https:\/\/www.diwie.eu\/Musik\/Band\/Typen\/Micha%20-%20Auftritt%20im%20Rosenkeller%20Do.01.03.2001%204.jpg\" width=\"272\" height=\"300\"><\/p>\n<p>      <center><\/p>\n<p align=\"center\"><font color=\"#0a4133\">Auftritt im Rosenkeller (Do.01.03.2001)<\/font><\/td>\n<\/tr>\n<\/table>\n<\/div>\n<p><\/B><\/p>\n<p><embed src=\"https:\/\/www.diwie.eu\/Musik\/Band\/Typen\/Gruni.mp3\" AUTOSTART=true HIDDEN VOLUME=100 WIDTH=0 Height=0 loop=false align=\"center\" type=\"video\/divx\"><\/p>\n<hr>\n<p><a name=\"steve\"><\/a><\/p>\n<p><font face=\"Lucida Casual\" size=\"1\"><font face=\"Lucida Casual\" size=\"4\"><b style=\"\"><\/p>\n<div>Steve<\/p>\n<\/div>\n<p><\/b><\/p>\n<div><span style=\"color: rgb(0, 0, 0);\">Am Anfang war die Musik, wo sie war, war auch Steve. Schon im <\/p>\n<p>zarten Alter von 5 Jahren tr\u00e4llerte er leidenschaftlich die Opern im Fernsehen <\/p>\n<p>mit. Heutzutage f\u00e4llt ihm zu jeder Gelegenheit das passende <\/p>\n<p>Liedchen ein und er unterh\u00e4lt all seine Freunde mit Chansons in allen <\/p>\n<p>Stimmlagen.<\/span><\/p>\n<\/div>\n<p><\/font><\/font><\/p>\n<p>  <center><\/p>\n<table border=\"0\" cellspacing=\"1\" width=\"95%\">\n<tr>\n<td width=\"50%\">\n<p align=\"center\"><font color=\"#0a4133\" size=\"5\"><i>&quot;Mister Sunnyboy, der die Sch\u00f6nheit in der Band mit uns teilt, und die Stimme: Steve.&quot;<\/i><\/font><\/td>\n<p>    <\/center><\/p>\n<td width=\"50%\">\n<p align=\"center\"><img loading=\"lazy\" decoding=\"async\" border=\"0\" src=\"https:\/\/www.diwie.eu\/Musik\/Band\/Typen\/Steve%20-%20Auftritt%20mit%20Viki%20Vomit%20im%20Bunker%20Fr.08.12.jpg\" width=\"167\" height=\"388\"><\/p>\n<p>      <center><\/p>\n<p align=\"center\"><font color=\"#0a4133\">Auftritt mit Viki Vomit im Bunker<\/font><\/td>\n<\/tr>\n<p>  <\/center><\/p>\n<\/table>\n<\/div>\n<p><\/B><\/p>\n<p><\/p>\n<article class=\"bg-stuff\"><a href=\"https:\/\/www.diwie.eu\/wordpress\/repertoire-von-mister-schlager\/\"><\/p>\n<div class=\"img\"><img loading=\"lazy\" decoding=\"async\" src=\"https:\/\/www.diwie.eu\/Musik\/Band\/BandLogoBlume.gif\" class=\"attachment-post-thumbnail size-post-thumbnail wp-post-image\" alt=\"\"  width=\"96\" height=\"96\"><\/div>\n<div class=\"post_icon\" style=\"background-image:url(https:\/\/www.diwie.eu\/wordpress\/wp-content\/themes\/metro-creativex\/images\/pt_standard.png);\">\n<\/div>\n<div class=\"post_content\">Repertoire<\/a><\/p>\n<div class=\"short_excerpt\"><\/div>\n<div class=\"post_date\"> <\/div>\n<\/div>\n<\/article>\n<article class=\"bg-stuff\"><a href=\"https:\/\/www.diwie.eu\/wordpress\/auftritte-von-mister-schlager\/\"><\/p>\n<div class=\"img\"><img loading=\"lazy\" decoding=\"async\" src=\"https:\/\/www.diwie.eu\/Musik\/Band\/BandLogoBlume.gif\" class=\"attachment-post-thumbnail size-post-thumbnail wp-post-image\" alt=\"\"  width=\"96\" height=\"96\"><\/div>\n<div class=\"post_icon\" style=\"background-image:url(https:\/\/www.diwie.eu\/wordpress\/wp-content\/themes\/metro-creativex\/images\/pt_standard.png);\">\n<\/div>\n<div class=\"post_content\">Auftritte<\/a><\/p>\n<div class=\"short_excerpt\"><\/div>\n<div class=\"post_date\"> <\/div>\n<\/div>\n<\/article>\n","protected":false},"excerpt":{"rendered":"<p>Die Band ist Mitte Juni 2000 gegr\u00fcndet worden. Die Mitglieder versteifen sich nicht auf eine Musikrichtung vielmehr ist der Spa\u00df an der Sache wichtig und wenn unser Publikum Spa\u00df daran hat so freut uns das. Einfl\u00fcsse aus Pop, Rock, Schlager sowie Jazz und Barock macht die Musik interessant. Sebastian der absolut schrille Schlagertyp mit dem [&hellip;]<\/p>\n","protected":false},"author":1,"featured_media":24741,"parent":0,"menu_order":0,"comment_status":"closed","ping_status":"closed","template":"","meta":{"_bbp_topic_count":0,"_bbp_reply_count":0,"_bbp_total_topic_count":0,"_bbp_total_reply_count":0,"_bbp_voice_count":0,"_bbp_anonymous_reply_count":0,"_bbp_topic_count_hidden":0,"_bbp_reply_count_hidden":0,"_bbp_forum_subforum_count":0,"_crdt_document":"","rop_custom_images_group":[],"rop_custom_messages_group":[],"rop_publish_now":"initial","rop_publish_now_accounts":{"facebook_10157842446526608_172944659475038":""},"rop_publish_now_history":[],"rop_publish_now_status":"pending","ngg_post_thumbnail":0,"exifize_date":"","footnotes":""},"class_list":["bg-stuff"],"publishpress_future_action":{"enabled":false,"date":"2026-04-11 11:52:58","action":"change-status","newStatus":"draft","terms":[],"taxonomy":"","extraData":[]},"publishpress_future_workflow_manual_trigger":{"enabledWorkflows":[]},"_links":{"self":[{"href":"https:\/\/www.Diwie.eu\/wordpress\/wp-json\/wp\/v2\/pages\/24739","targetHints":{"allow":["GET"]}}],"collection":[{"href":"https:\/\/www.Diwie.eu\/wordpress\/wp-json\/wp\/v2\/pages"}],"about":[{"href":"https:\/\/www.Diwie.eu\/wordpress\/wp-json\/wp\/v2\/types\/page"}],"author":[{"embeddable":true,"href":"https:\/\/www.Diwie.eu\/wordpress\/wp-json\/wp\/v2\/users\/1"}],"replies":[{"embeddable":true,"href":"https:\/\/www.Diwie.eu\/wordpress\/wp-json\/wp\/v2\/comments?post=24739"}],"version-history":[{"count":0,"href":"https:\/\/www.Diwie.eu\/wordpress\/wp-json\/wp\/v2\/pages\/24739\/revisions"}],"wp:featuredmedia":[{"embeddable":true,"href":"https:\/\/www.Diwie.eu\/wordpress\/wp-json\/wp\/v2\/pages\/24741"}],"wp:attachment":[{"href":"https:\/\/www.Diwie.eu\/wordpress\/wp-json\/wp\/v2\/media?parent=24739"}],"curies":[{"name":"wp","href":"https:\/\/api.w.org\/{rel}","templated":true}]}}