{"id":24799,"date":"2000-11-20T21:39:22","date_gmt":"2000-11-20T20:39:22","guid":{"rendered":"https:\/\/www.diwie.eu\/wordpress\/?page_id=24799"},"modified":"2000-11-20T21:57:22","modified_gmt":"2000-11-20T20:57:22","slug":"entwicklung-vom-rock-und-popchor-jena-zu-accapeers","status":"publish","type":"page","link":"https:\/\/www.Diwie.eu\/wordpress\/entwicklung-vom-rock-und-popchor-jena-zu-accapeers\/","title":{"rendered":"Entwicklung vom Rock- und Popchor Jena zu Accapeers"},"content":{"rendered":"<table border=\"0\" cellpadding=\"0\" cellspacing=\"0\" width=\"100%\">\n<tbody>\n<tr>\n<td valign=\"middle\">\n<h2 align=\"left\"><\/h2>\n<h2 align=\"left\"><font face=\"Arial\" size=\"6\">Rock- und PopChor Jena<\/p>\n<p><\/font><\/h2>\n<p align=\"left\">mit der <a href=\"https:\/\/www.diwie.eu\/Musik\/Euphoria\/..\/Knabenchor\/Tagebuch%20%FCber%20die%20Englandreise.pdf\">England-Tournee<\/a> des<\/p>\n<p><a href=\"https:\/\/www.diwie.eu\/Musik\/Euphoria\/..\/Knabenchor\/Index.htm\"> Knabenchores der Jenaer Philharmonie<\/a><\/p>\n<p>bildeten wir eine Gruppe die sich da zun\u00e4chst Rock- und Popchor Jena<\/p>\n<p>schimpfte.<\/p>\n<p>Alle S\u00e4nger genossen daher in den Ch\u00f6ren der Jenaer Philharmonie eine<\/p>\n<p>gesangliche und musiktheoretische Grundausbildung. Diese ist<\/p>\n<p>gr\u00f6\u00dftenteils dem langj\u00e4hrigen Chordirektor Herrn Prof. J\u00fcrgen<\/p>\n<p>Puschbeck, der fr\u00fcher im Kreuzchor Dresden sang, zu verdanken.<\/p>\n<\/td>\n<td align=\"right\" valign=\"top\"><img loading=\"lazy\" decoding=\"async\" src=\"https:\/\/www.diwie.eu\/Musik\/Euphoria\/Rock.gif\" border=\"0\" height=\"140\" width=\"128\"><\/td>\n<\/tr>\n<\/tbody>\n<\/table>\n<p>Zahlreiche Konzerte und gemeinsame Abende st\u00e4rkten den Zusammenhalt der<\/p>\n<p>Truppe.&nbsp;Besonders erw\u00e4hnenswert die Weihnachtskonzerte im Rosensaal der FSU Jena, in der Goethegalerie oder im<\/p>\n<p>Altersheim am Friedensberg. Ein weiterer H\u00f6hepunkt war sicherlich auch das Rahmenkonzert f\u00fcr eine<\/p>\n<p><a href=\"https:\/\/www.diwie.eu\/Musik\/Euphoria\/Hochzeit.htm\">Hochzeitsfest<\/a>, direkt unter der Jenenser Rathausdiele. In guter Erinnerung auch das <a href=\"https:\/\/www.diwie.eu\/Musik\/Euphoria\/Kunitz.htm\">Probenwochenende<\/a> im Gemeindezentrum von<\/p>\n<p>Kunitz.<font face=\"Arial\" size=\"4\"> <\/p>\n<p><\/font><\/p>\n<p><font face=\"Arial\" size=\"6\"><\/p>\n","protected":false},"excerpt":{"rendered":"<p>Rock- und PopChor Jena mit der England-Tournee des Knabenchores der Jenaer Philharmonie bildeten wir eine Gruppe die sich da zun\u00e4chst Rock- und Popchor Jena schimpfte. Alle S\u00e4nger genossen daher in den Ch\u00f6ren der Jenaer Philharmonie eine gesangliche und musiktheoretische Grundausbildung. Diese ist gr\u00f6\u00dftenteils dem langj\u00e4hrigen Chordirektor Herrn Prof. J\u00fcrgen Puschbeck, der fr\u00fcher im Kreuzchor Dresden [&hellip;]<\/p>\n","protected":false},"author":1,"featured_media":24803,"parent":0,"menu_order":0,"comment_status":"closed","ping_status":"closed","template":"","meta":{"_bbp_topic_count":0,"_bbp_reply_count":0,"_bbp_total_topic_count":0,"_bbp_total_reply_count":0,"_bbp_voice_count":0,"_bbp_anonymous_reply_count":0,"_bbp_topic_count_hidden":0,"_bbp_reply_count_hidden":0,"_bbp_forum_subforum_count":0,"_crdt_document":"","rop_custom_images_group":[],"rop_custom_messages_group":[],"rop_publish_now":"initial","rop_publish_now_accounts":{"facebook_10157842446526608_172944659475038":""},"rop_publish_now_history":[],"rop_publish_now_status":"pending","ngg_post_thumbnail":0,"exifize_date":"","footnotes":""},"class_list":["bg-stuff"],"publishpress_future_action":{"enabled":false,"date":"2026-04-30 23:39:17","action":"change-status","newStatus":"draft","terms":[],"taxonomy":"","extraData":[]},"publishpress_future_workflow_manual_trigger":{"enabledWorkflows":[]},"_links":{"self":[{"href":"https:\/\/www.Diwie.eu\/wordpress\/wp-json\/wp\/v2\/pages\/24799","targetHints":{"allow":["GET"]}}],"collection":[{"href":"https:\/\/www.Diwie.eu\/wordpress\/wp-json\/wp\/v2\/pages"}],"about":[{"href":"https:\/\/www.Diwie.eu\/wordpress\/wp-json\/wp\/v2\/types\/page"}],"author":[{"embeddable":true,"href":"https:\/\/www.Diwie.eu\/wordpress\/wp-json\/wp\/v2\/users\/1"}],"replies":[{"embeddable":true,"href":"https:\/\/www.Diwie.eu\/wordpress\/wp-json\/wp\/v2\/comments?post=24799"}],"version-history":[{"count":0,"href":"https:\/\/www.Diwie.eu\/wordpress\/wp-json\/wp\/v2\/pages\/24799\/revisions"}],"wp:featuredmedia":[{"embeddable":true,"href":"https:\/\/www.Diwie.eu\/wordpress\/wp-json\/wp\/v2\/pages\/24803"}],"wp:attachment":[{"href":"https:\/\/www.Diwie.eu\/wordpress\/wp-json\/wp\/v2\/media?parent=24799"}],"curies":[{"name":"wp","href":"https:\/\/api.w.org\/{rel}","templated":true}]}}