{"id":24805,"date":"2000-11-20T22:01:24","date_gmt":"2000-11-20T21:01:24","guid":{"rendered":"https:\/\/www.diwie.eu\/wordpress\/?page_id=24805"},"modified":"2017-11-24T12:43:17","modified_gmt":"2017-11-24T11:43:17","slug":"knabenchor-der-jenaer-philharmonie","status":"publish","type":"page","link":"https:\/\/www.Diwie.eu\/wordpress\/knabenchor-der-jenaer-philharmonie\/","title":{"rendered":"Knabenchor der Jenaer Philharmonie"},"content":{"rendered":"<table border=\"0\" cellpadding=\"0\" cellspacing=\"0\" width=\"100%\">\n<tbody>\n<tr>\n<td align=\"center\" valign=\"middle\">\n<h2 align=\"center\"><font face=\"Arial\" size=\"6\">Knabenchor&nbsp;<br \/>\nder Jenaer<br \/>\nPhilharmonie&nbsp;<\/font><\/h2>\n<\/td>\n<td>\n<p align=\"right\"><font face=\"Arial\" size=\"6\"><img loading=\"lazy\" decoding=\"async\" src=\"https:\/\/www.diwie.eu\/Musik\/Knabenchor\/logo.gif\" border=\"0\" height=\"68\" width=\"54\"><\/font><\/p>\n<\/td>\n<\/tr>\n<\/tbody>\n<\/table>\n<h2 align=\"center\"><font face=\"Arial\" size=\"2\">&nbsp;<\/font><\/h2>\n<p>In Jena gibt es einen regional ziemlich bekannten und guten<br \/>\n(Laien)-<br \/>\nKnabenchor und zwar den Knabenchor der Jenaer Philharmonie unter der<br \/>\nLeitung von (derzeit) Frau Berit Walter (der \u00fcbrigens ein Partnerchor<br \/>\ndes Neuen Knabenchores Hamburg ist).<br \/>\nBekannt geworden ist der Chor u. a. durch Auftritte im Leipziger<br \/>\nGewandhaus, im Berliner Schauspielhaus, durch mehrere Rundfunkaufnahmen<br \/>\nund CD-Produktionen sowie durch zwei ersungene 2. Preise bei dem<br \/>\nDeutschen Chorwettbewerb im Jahre 1995 und 1998.&nbsp;<br \/>\nWie fast allen S\u00e4ngern haben auch mir am meisten die vielen Auftritte,<br \/>\ndie<br \/>\nChorlager, die Partys und die Treffen mit anderen Ch\u00f6ren<br \/>\ngefallen.&nbsp;&nbsp;<\/p>\n<p><b>Tageb\u00fccher:<\/b><br \/>\n&nbsp;<br \/>\n<a href=\"https:\/\/www.diwie.eu\/Musik\/Knabenchor\/https:\/\/www.Diwie.eu\/Musik\/Knabenchor\/Englandtagebuch\/Seite1\/Index.htm\"><br \/><\/a><img loading=\"lazy\" decoding=\"async\" src=\"https:\/\/www.diwie.eu\/wordpress\/wp-content\/uploads\/2000\/11\/pdf.gif\" border=\"0\" height=\"12\" width=\"12\"><br \/>\n<a href=\"https:\/\/www.diwie.eu\/Musik\/Knabenchor\/Tagebuch%20%FCber%20die%20Englandreise.pdf\">Englandtagebuch<\/a><a href=\"https:\/\/www.diwie.eu\/Musik\/Knabenchor\/Norwegenreport.pdf\"><br \/>\n<img loading=\"lazy\" decoding=\"async\" src=\"https:\/\/www.diwie.eu\/wordpress\/wp-content\/uploads\/2000\/11\/pdf.gif\" border=\"0\" height=\"12\" width=\"12\"><\/a><a href=\"https:\/\/www.diwie.eu\/Musik\/Knabenchor\/Norwegenreport.pdf\"><br \/>\n<\/a><a href=\"https:\/\/www.diwie.eu\/Musik\/Knabenchor\/Norwegenreport.pdf\">Norwegenreport<\/a><br \/>\n<img loading=\"lazy\" decoding=\"async\" src=\"https:\/\/www.diwie.eu\/wordpress\/wp-content\/uploads\/2000\/11\/pdf.gif\" border=\"0\" height=\"12\" width=\"12\"><a href=\"https:\/\/www.diwie.eu\/Musik\/Knabenchor\/https:\/\/www.Diwie.eu\/Musik\/Knabenchor\/Englandtagebuch\/Seite1\/Index.htm\"><br \/>\n<\/a><a href=\"https:\/\/www.diwie.eu\/Musik\/Knabenchor\/Puschis%20Geburtstag.pdf\">Geburtstagsst\u00e4ndchen<br \/>\nf\u00fcr Puschi<\/a><a href=\"https:\/\/www.diwie.eu\/Musik\/Knabenchor\/Das%20Puschi-Lied.pdf\"><br \/>\n<img loading=\"lazy\" decoding=\"async\" src=\"https:\/\/www.diwie.eu\/wordpress\/wp-content\/uploads\/2000\/11\/pdf.gif\" border=\"0\" height=\"12\" width=\"12\"><\/a><a href=\"https:\/\/www.diwie.eu\/Musik\/Knabenchor\/Das%20Puschi-Lied.pdf\"><br \/>\n<\/a><a href=\"https:\/\/www.diwie.eu\/Musik\/Knabenchor\/Das%20Puschi-Lied.pdf\">Das<br \/>\nPuschi-Lied<\/a><br \/>\n<a href=\"https:\/\/www.diwie.eu\/Musik\/Knabenchor\/Langeweile%20im%20Chorlager.pdf\"><img loading=\"lazy\" decoding=\"async\" src=\"https:\/\/www.diwie.eu\/wordpress\/wp-content\/uploads\/2000\/11\/pdf.gif\" border=\"0\" height=\"12\" width=\"12\"><\/a><a href=\"https:\/\/www.diwie.eu\/Musik\/Knabenchor\/Langeweile%20im%20Chorlager.pdf\"><br \/>\n<\/a><a href=\"https:\/\/www.diwie.eu\/Musik\/Knabenchor\/Langeweile%20im%20Chorlager.pdf\">Lange<br \/>\nWeile im Chorlager<\/a><a href=\"https:\/\/www.diwie.eu\/Musik\/Knabenchor\/Stuttgartwochenende.pdf\"><br \/>\n<img loading=\"lazy\" decoding=\"async\" src=\"https:\/\/www.diwie.eu\/wordpress\/wp-content\/uploads\/2000\/11\/pdf.gif\" border=\"0\" height=\"12\" width=\"12\"><\/a><a href=\"https:\/\/www.diwie.eu\/Musik\/Knabenchor\/Stuttgartwochenende.pdf\"><br \/>\n<\/a><a href=\"https:\/\/www.diwie.eu\/Musik\/Knabenchor\/Stuttgartwochenende.pdf\">Wochenende<br \/>\nin Stuttgart<\/a><\/p>\n<p><b>Mitarbeit:<br \/>\n<\/b>Als langj\u00e4hriges Mitglied der Jenaer Philharmonie konnte ich<br \/>\nviele<br \/>\nmusikalisch-k\u00fcnstlerische Erfahrungen sammeln. So konnte ich an<br \/>\nmehreren \u201eCarmina Burana\u201c-Touren teilnehmen.&nbsp;<br \/>\nAu\u00dferdem habe ich u. a. bei folgenden Musikalischen Projekten<br \/>\nmitgewirkt:<br \/>\nLohengrin im Schloss Neuschwanstein, Andrew Lloyd Weber Requiem in<br \/>\nJena, Gera, Greiz und Erfurt, Der Messias von Fr. H\u00e4ndel in Greiz, 9.<br \/>\nSinfonie von Ralph Vaughan Williams in Erfurt Jena und Greiz,<br \/>\nMatth\u00e4us-Passion von J. S. Bach in Jena, Weihnachtsoratorium von J. S.<br \/>\nBach in Jena und Erfurt, Oedipus Rex von Strawinski in Stuttgart und<br \/>\nJena, Dvo&#345;\u00e1k-Requiem in Jena und Erfurt sowie bei der 8. Sinfonie von<br \/>\nG. Mahler bei den Domfestspielen in Erfurt und bei der Phantasie von L.<br \/>\nv. Beethoven in Gewandhaus Leipzig und Schauspielhaus Berlin.<br \/>\n&#8230;<\/p>\n<p><a href=\"https:\/\/www.diwie.eu\/wordpress\/fotos-vom-knabenchor\/\">Bilder<\/a><\/p>\n<p><font style=\"visibility: hidden;\">Austritt:<br \/>\n<\/b><font style=\"\">Nach zw\u00f6lf Jahren aktiver Chormitarbeit bin ich dann<br \/>\nausgetreten.<br \/>\nIch wurde noch oft gefragt, warum ich, wenn mir das Singen doch solchen<br \/>\nSpass macht, so pl\u00f6tzlich aus dem Chor<br \/>\naustrete &#8211; hier die Antwort:<\/font><\/p>\n<p><font style=\"\"> Zum Ersten war es der Chorleiterwechsel und der damit<br \/>\nverbundenen<br \/>\nAutorit\u00e4tsverteilung. Herr Gruse, unser demokratisch erw\u00e4hlter<br \/>\nChorleiter, wurde mit Hilfe von Beziehungen zur Presse, dem<br \/>\nChorvorstand und dem F\u00f6rderverein vertrieben (&#8220;er f\u00fchlte sich<br \/>\nunerw\u00fcnscht&#8221;).&nbsp;<br \/>\nDies machte sich auch im Knabenchor bemerkbar, eine Gruppe von S\u00e4ngern<br \/>\ngab in<br \/>\neinem Konzert in Kiel die Geschwindigkeit an (nicht der Chorleiter!!!),<br \/>\nunabh\u00e4ngig vom Chorleiter nutzen 12 M\u00e4nnerstimmen die Gelegenheit<br \/>\nw\u00e4hrend der<br \/>\nProbenzeiten ein eigenes Programm einzustudieren uvm.<\/font><\/p>\n<p><font style=\"\">Diesen Problemen habe ich mich angenommen und habe schriftlich<br \/>\nerreicht, dass<br \/>\nim Knabenchor ein Chor-, Stimm- oder Familiensprecher gew\u00e4hlt wurde.<\/font><\/p>\n<p><font style=\"\">Doch leider, wurde gleichzeitig ein Fidelioprojekt <font size=\"3\">(Extrachor Theater Gera-Altenburg)<\/font><br \/>\nins Leben gerufen, was eigentlich nicht dem Sinne eines Vereines<br \/>\nentspricht: Im Knabenchor der Jenaer Philharmonie bezahlt jedes<br \/>\nMitglied einen Monatsbetrag um musikalisch ausgebildet zu werden und<br \/>\neinen geringen Teil der Unkosten (z.B. Busfahrten zum Konzert) zu<br \/>\ndecken. An diesem Fidelioprojekt nehmen aber 11 von 30 ausgew\u00e4hlten<br \/>\nM\u00e4nnerstimmen teil, sie erhalten ca. 3.000,- DM Spesen im Jahr,<br \/>\nzus\u00e4tzlich Probengeld (Bezahlung f\u00fcr die Teilnahme an der Probe),<br \/>\nau\u00dferdem Fahrtkostenr\u00fcckerstattung (f\u00fcr selbstst\u00e4ndige Anreisen) und<br \/>\nFreikarten f\u00fcr Familienmitglieder.<\/font><\/font><\/p>\n","protected":false},"excerpt":{"rendered":"<p>Knabenchor&nbsp; der Jenaer Philharmonie&nbsp; &nbsp; In Jena gibt es einen regional ziemlich bekannten und guten (Laien)- Knabenchor und zwar den Knabenchor der Jenaer Philharmonie unter der Leitung von (derzeit) Frau Berit Walter (der \u00fcbrigens ein Partnerchor des Neuen Knabenchores Hamburg ist). Bekannt geworden ist der Chor u. a. durch Auftritte im Leipziger Gewandhaus, im Berliner [&hellip;]<\/p>\n","protected":false},"author":1,"featured_media":24806,"parent":0,"menu_order":0,"comment_status":"closed","ping_status":"closed","template":"","meta":{"_bbp_topic_count":0,"_bbp_reply_count":0,"_bbp_total_topic_count":0,"_bbp_total_reply_count":0,"_bbp_voice_count":0,"_bbp_anonymous_reply_count":0,"_bbp_topic_count_hidden":0,"_bbp_reply_count_hidden":0,"_bbp_forum_subforum_count":0,"_crdt_document":"","rop_custom_images_group":[],"rop_custom_messages_group":[],"rop_publish_now":"initial","rop_publish_now_accounts":{"facebook_10157842446526608_172944659475038":""},"rop_publish_now_history":[],"rop_publish_now_status":"pending","ngg_post_thumbnail":0,"exifize_date":"","footnotes":""},"class_list":["bg-stuff"],"publishpress_future_action":{"enabled":false,"date":"2026-04-24 10:26:41","action":"change-status","newStatus":"draft","terms":[],"taxonomy":"","extraData":[]},"publishpress_future_workflow_manual_trigger":{"enabledWorkflows":[]},"_links":{"self":[{"href":"https:\/\/www.Diwie.eu\/wordpress\/wp-json\/wp\/v2\/pages\/24805","targetHints":{"allow":["GET"]}}],"collection":[{"href":"https:\/\/www.Diwie.eu\/wordpress\/wp-json\/wp\/v2\/pages"}],"about":[{"href":"https:\/\/www.Diwie.eu\/wordpress\/wp-json\/wp\/v2\/types\/page"}],"author":[{"embeddable":true,"href":"https:\/\/www.Diwie.eu\/wordpress\/wp-json\/wp\/v2\/users\/1"}],"replies":[{"embeddable":true,"href":"https:\/\/www.Diwie.eu\/wordpress\/wp-json\/wp\/v2\/comments?post=24805"}],"version-history":[{"count":0,"href":"https:\/\/www.Diwie.eu\/wordpress\/wp-json\/wp\/v2\/pages\/24805\/revisions"}],"wp:featuredmedia":[{"embeddable":true,"href":"https:\/\/www.Diwie.eu\/wordpress\/wp-json\/wp\/v2\/media\/24806"}],"wp:attachment":[{"href":"https:\/\/www.Diwie.eu\/wordpress\/wp-json\/wp\/v2\/media?parent=24805"}],"curies":[{"name":"wp","href":"https:\/\/api.w.org\/{rel}","templated":true}]}}