{"id":24810,"date":"2000-11-20T22:07:06","date_gmt":"2000-11-20T21:07:06","guid":{"rendered":"https:\/\/www.diwie.eu\/wordpress\/?page_id=24810"},"modified":"2017-11-24T12:38:09","modified_gmt":"2017-11-24T11:38:09","slug":"gruendung-von-accapeers-jena","status":"publish","type":"page","link":"https:\/\/www.Diwie.eu\/wordpress\/gruendung-von-accapeers-jena\/","title":{"rendered":"Gr\u00fcndung von Accapeers Jena"},"content":{"rendered":"<h2 align=\"center\"><font face=\"Arial\" size=\"6\"> Accapeers Jena<br \/>\n<font face=\"Book Antiqua\" size=\"1\">(Accapeers: Der Name ist eine Wortspielerei<br \/>\nvon mir, er setzt sich aus Acca- von Accapella,&nbsp;<br \/>\nund -peers von Peer Group (das sind die verschiedenen Jugendgruppen wie Punks,<br \/>\nSkins, usw.) zusammen.)<\/font><\/h2>\n<p><\/font><\/p>\n<p><font face=\"Arial\" size=\"4\">Aus dem <i>Rock- und Popchor Jena<\/i><br \/>\nentstand nun die Gruppe <i>Accapears<\/i> wir bestanden nach wir vor aus 8 jungen M\u00e4nnerstimmen im Alter<br \/>\nvon 15 bis 25 Jahren doch nun <\/font><font face=\"Arial\" size=\"4\"> entwickelten<br \/>\nwir im Laufe der Zeit ein sehr gro\u00dfes Interesse an<br \/>\nmoderneren St\u00fccken.&nbsp;<\/p>\n<p> Um dieses Vorhaben in die Realit\u00e4t umzusetzen, fanden wir uns im Jahre 1996 zu einer<br \/>\nersten gemeinsamen Probe zusammen. Wir genossen die Anfangszeit sehr und versuchten uns in vielen Richtungen<br \/>\n(sp\u00e4ter sind wir bei \u00e0-capella-Musik im Stile der unvergessenen Comedian<br \/>\nHarmonists &quot;h\u00e4ngengeblieben&quot;).<\/p>\n<p>Was aber immer wichtig f\u00fcr die Accapeers war, ist der<br \/>\nSpa\u00df an der Sache, die gemeinsamen lustigen &#8211; manchmal auch anstrengenden &#8211;<br \/>\nStunden und das Gef\u00fchl, die Freizeit in sinnvoller Weise zu verbringen.<br \/>\nAn gr\u00f6\u00dfere Auftritte hatte noch keiner von uns gedacht, doch<br \/>\ngerade unsere Eltern gaben uns den dazu n\u00f6tigen Ansporn und forderten uns<br \/>\nauf, einmal f\u00fcr ein etwas gr\u00f6\u00dferes Publikum zu singen. So hatten wir einige ganz<br \/>\npassable Auftritte auf dem Jenaer Marktplatz, zu Hochzeiten oder in den Jenaer<br \/>\nRosens\u00e4len.<br \/>\n<\/font>\n<\/p>\n<p><img loading=\"lazy\" decoding=\"async\" src=\"https:\/\/www.diwie.eu\/Musik\/Accapears.jpg\" width=\"1105\" height=\"1835\" class=\"aligncenter size-medium\" \/><\/p>\n<p><a href=\"https:\/\/www.diwie.eu\/wordpress\/fotos-von-accapeers\/\">Bilder<\/a><\/p>\n","protected":false},"excerpt":{"rendered":"<p>Accapeers Jena (Accapeers: Der Name ist eine Wortspielerei von mir, er setzt sich aus Acca- von Accapella,&nbsp; und -peers von Peer Group (das sind die verschiedenen Jugendgruppen wie Punks, Skins, usw.) zusammen.) Aus dem Rock- und Popchor Jena entstand nun die Gruppe Accapears wir bestanden nach wir vor aus 8 jungen M\u00e4nnerstimmen im Alter von [&hellip;]<\/p>\n","protected":false},"author":1,"featured_media":-1,"parent":0,"menu_order":0,"comment_status":"closed","ping_status":"closed","template":"","meta":{"_bbp_topic_count":0,"_bbp_reply_count":0,"_bbp_total_topic_count":0,"_bbp_total_reply_count":0,"_bbp_voice_count":0,"_bbp_anonymous_reply_count":0,"_bbp_topic_count_hidden":0,"_bbp_reply_count_hidden":0,"_bbp_forum_subforum_count":0,"_crdt_document":"","rop_custom_images_group":[],"rop_custom_messages_group":[],"rop_publish_now":"initial","rop_publish_now_accounts":{"facebook_10157842446526608_172944659475038":""},"rop_publish_now_history":[],"rop_publish_now_status":"pending","ngg_post_thumbnail":0,"exifize_date":"","footnotes":""},"class_list":["bg-stuff"],"publishpress_future_action":{"enabled":false,"date":"2026-04-27 03:22:56","action":"change-status","newStatus":"draft","terms":[],"taxonomy":"","extraData":[]},"publishpress_future_workflow_manual_trigger":{"enabledWorkflows":[]},"_links":{"self":[{"href":"https:\/\/www.Diwie.eu\/wordpress\/wp-json\/wp\/v2\/pages\/24810","targetHints":{"allow":["GET"]}}],"collection":[{"href":"https:\/\/www.Diwie.eu\/wordpress\/wp-json\/wp\/v2\/pages"}],"about":[{"href":"https:\/\/www.Diwie.eu\/wordpress\/wp-json\/wp\/v2\/types\/page"}],"author":[{"embeddable":true,"href":"https:\/\/www.Diwie.eu\/wordpress\/wp-json\/wp\/v2\/users\/1"}],"replies":[{"embeddable":true,"href":"https:\/\/www.Diwie.eu\/wordpress\/wp-json\/wp\/v2\/comments?post=24810"}],"version-history":[{"count":0,"href":"https:\/\/www.Diwie.eu\/wordpress\/wp-json\/wp\/v2\/pages\/24810\/revisions"}],"wp:featuredmedia":[{"embeddable":true,"href":"https:\/\/www.Diwie.eu\/wordpress\/wp-json\/"}],"wp:attachment":[{"href":"https:\/\/www.Diwie.eu\/wordpress\/wp-json\/wp\/v2\/media?parent=24810"}],"curies":[{"name":"wp","href":"https:\/\/api.w.org\/{rel}","templated":true}]}}