{"id":26,"date":"2009-09-27T18:19:44","date_gmt":"2009-09-27T16:19:44","guid":{"rendered":"https:\/\/www.diwie.eu\/wordpress\/terminplaner-u-a-downloads\/"},"modified":"2017-10-09T09:09:31","modified_gmt":"2017-10-09T07:09:31","slug":"terminplaner-u-a-downloads","status":"publish","type":"page","link":"https:\/\/www.Diwie.eu\/wordpress\/terminplaner-u-a-downloads\/","title":{"rendered":"Terminplaner u.a. Downloads"},"content":{"rendered":"<p><script type=\"text\/javascript\">\n<!--\n{ parent.document.nbakt.src='https:\/\/www.diwie.eu\/Frame\/NBLogo.gif'; }\n-->\n<\/script><\/p>\n<p><script language=\"JavaScript\" fptype=\"dynamicanimation\">\n<!--\nfunction dynAnimation() {}\nfunction clickSwapImg() {}\n-->\n<\/script><br \/>\n<script language=\"JavaScript1.2\" fptype=\"dynamicanimation\" src=\"https:\/\/www.Diwie.eu\/fpani.js\">\n<\/script><\/p>\n<div align=\"center\"><strong>Kalender &amp; Terminplaner<\/p>\n<p>  <a href=\"https:\/\/www.Diwie.eu\/Download\/Kalender.exe\"> DOWNLOAD<\/a> <a href=\"https:\/\/www.Diwie.eu\/Download\/Kalender.exe\"> <img loading=\"lazy\" decoding=\"async\" src=\"https:\/\/www.diwie.eu\/MySymbols\/029153-green-jelly-icon-culture-world1.png\" alt=\"\" width=\"32\" height=\"32\" border=\"0\"><\/a> <a href=\"https:\/\/www.Diwie.eu\/Download\/Kalender.exe\"><em>DOWNLOAD<\/em><\/a><\/strong>\n<\/div>\n<div align=\"center\"> <strong> <\/strong><br \/>\n  <center><br \/>\n    <strong><\/p>\n<table id=\"AutoNumber1\" border=\"0\" bordercolor=\"#111111\" cellpadding=\"0\" cellspacing=\"0\" width=\"50%\">\n<tbody>\n<tr>\n<td width=\"38%\">\u00a0<\/td>\n<td align=\"center\" width=\"62%\"><strong>TXT-KALENDER DIE   SCHNELLE         \u00dcBERSICHT<\/strong><\/td>\n<\/tr>\n<tr>\n<td width=\"38%\">\n<p align=\"center\"> <img loading=\"lazy\" decoding=\"async\" src=\"https:\/\/www.diwie.eu\/MySymbols\/029153-green-jelly-icon-culture-world1.png\" alt=\"\" width=\"128\" height=\"123\" border=\"0\"><\/p>\n<\/td>\n<td align=\"center\" width=\"62%\">\n<div lang=\"de\"> \u00a0Wahnsinnig schnell wechseln\u00a0Sie von Jahr   zu Jahr, speichern\u00a0Geburtsdaten, und k\u00f6nnen\u00a0nun endlich auch einmal   Ihren eigenen\u00a0 KALENDER erstellen und bearbeiten.\u00a0<br \/>\n              Machen Sie sich unabh\u00e4ngig!!!\u00a0<br \/>\n              \u00bb\u00bb  TXT-Taschenkalender V1.0  \u00ab\u00ab <\/div>\n<\/td>\n<\/tr>\n<\/tbody>\n<\/table>\n<p>    <\/strong><br \/>\n  <\/center>\n<\/div>\n<p>&nbsp;<\/p>\n<p align=\"center\">\n<div lang=\"de\"><b><font face=\"Verdana\">VT2TXT &#8211; Datum und Uhrzeit automatisch aus dem Internet aktualisieren<br \/>\n<font size=\"3\"><br \/>\n<center><br \/>\n<font color=\"Yellow\"><a href=\"https:\/\/www.diwie.eu\/Download\/VT2TXT.exe\"><br \/>\n<font color=\"Yellow\">DOWNLOAD<\/font><\/a> <\/font><br \/>\n  <a href=\"https:\/\/www.Diwie.eu\/Download\/VT2TXT.exe\"><br \/>\n<font color=\"Yellow\"><\/font><br \/>\n<font color=\"Yellow\"><a href=\"https:\/\/www.diwie.eu\/Download\/VT2TXT.exe\"><font color=\"Yellow\"><br \/>\n<img loading=\"lazy\" decoding=\"async\" border=\"0\" src=\"https:\/\/www.diwie.eu\/MySymbols\/029153-green-jelly-icon-culture-world1.png\" width=\"32\" height=\"32\"><\/font><\/a><\/font><blink><em><font color=\"Yellow\">&nbsp;<br \/>\n<\/font><\/em><\/blink><br \/>\n  <\/font><font color=\"Yellow\"><em><blink><a href=\"https:\/\/www.diwie.eu\/Download\/VT2TXT.exe\"><br \/>\n<font color=\"Yellow\">DOWNLOAD<\/font><\/a><\/blink><\/em><\/font><\/p>\n<p><\/center><\/p>\n<div align=\"center\">\n  <center><\/p>\n<table border=\"0\" cellpadding=\"0\" cellspacing=\"0\" style=\"border-collapse: collapse\" bordercolor=\"#111111\" width=\"68%\" id=\"AutoNumber1\">\n<tr>\n<td width=\"100%\" align=\"center\">\n<div lang=\"de\"><b><br \/>\n      <font face=\"Verdana\"><font size=\"2\">Der Videotext zu Text-Konverter V1.0<\/font><\/font><\/b><\/div>\n<\/td>\n<\/tr>\n<tr>\n<td width=\"100%\">\n      <font size=\"1\"><b>Abspeichern des ARD-Videotextes aus dem Internet f\u00fcr das<br \/>\n      Handy (z.B. Sony Ericsson)<br \/>\n      <\/b>VT2TXT &lt;Startseite&gt; &lt;Endseite&gt; &lt;Append&gt; &lt;Ausgabepfad&gt;<\/p>\n<p>      z.B.: <br \/>\n      VT2TXT 116 144 <br \/>\n      <font color=\"#006633\">Speichert den Nachrichtenbereich des Videotextes der<br \/>\n      ARD im tempor\u00e4ren Verzeichnis<br \/>\n      <\/font>VT2TXT 116 120 Append<br \/>\n      <font color=\"#006633\">Speichert 5 Seiten der Nachrichten in einer<br \/>\n      einzelnen Datei im tempor\u00e4ren Verzeichnis<br \/>\n      <\/font>VT2TXT Tagesschau 40<br \/>\n      <font color=\"#006633\">Speichert 40 Seiten der Nachrichten in einer<br \/>\n      einzelnen Datei im tempor\u00e4ren Verzeichnis<\/p>\n<p>      <\/font><font color=\"#111111\"><b>Aktualisieren der PC-Zeit<\/b><\/font><font color=\"#006633\"><br \/>\n      <\/font>VT2TXT settime nul<br \/>\n      <font color=\"#006633\">Aktualisiert die Uhrzeit des Rechners im Batchmodus<br \/>\n      anhand des Videotextes<br \/>\n      <\/font>VT2TXT setdate<br \/>\n      <font color=\"#006633\">Zeigt das Datum an und aktualisert es nach dem<br \/>\n      Videotext<\/font><\/font><\/td>\n<\/tr>\n<\/table>\n<p>  <\/center>\n<\/div>\n<p><center><\/p>\n<p>&nbsp;<\/p>\n<p align=\"center\">\n<div lang=\"de\"><b><font face=\"Verdana\">DirMailer &#8211; Verzeichnisse per Mail versenden<br \/>\n<font size=\"3\"> <br \/>\n<center><font color=\"#ffff00\"><a href=\"https:\/\/www.diwie.eu\/Download\/DirMailer.exe\"><br \/>\n<font color=\"#ffff00\">DOWNLOAD<\/font><\/a> <\/font><br \/>\n<font color=\"#ffff00\"><a href=\"https:\/\/www.diwie.eu\/Download\/DirMailer.exe\"><font color=\"#ffff00\"><img loading=\"lazy\" decoding=\"async\" src=\"https:\/\/www.diwie.eu\/MySymbols\/029153-green-jelly-icon-culture-world1.png\" border=\"0\" height=\"32\" width=\"32\"><\/font><\/a><\/font><blink><em><font color=\"#ffff00\">&nbsp;<br \/>\n<\/font><\/em><\/blink> <\/font><font color=\"Yellow\"><em><blink><a href=\"https:\/\/www.diwie.eu\/Download\/DirMailer.exe\"><font color=\"#ffff00\">DOWNLOAD<\/font><\/a><\/blink><\/em><\/font><\/font><\/b><\/div>\n<\/p>\n<p><center><\/p>\n<div align=\"center\">\n<b><font face=\"Verdana\"> <\/font><\/b><br \/>\n<center><b><font face=\"Verdana\"><\/p>\n<table style=\"border-collapse: collapse;\" id=\"AutoNumber1\" border=\"0\" bordercolor=\"#111111\" cellpadding=\"0\" cellspacing=\"0\" width=\"68%\">\n<tbody>\n<tr>\n<td align=\"center\" width=\"100%\">\n<div lang=\"de\"><b> <font face=\"Verdana\"><font size=\"2\">DirMailer V1.0<\/font><\/font><\/b><\/div>\n<\/td>\n<\/tr>\n<tr>\n<td width=\"100%\"> <font size=\"1\"><b>Wenn<br \/>\nalle Dateien in einem Ordner vorbereitet &nbsp;wurden und einzeln<br \/>\nversendet werden sollen, und das Anschreiben m&ouml;glichst<br \/>\nf&uuml;r das n&auml;chste Mal gespeichert werden soll, dann<br \/>\nhilft dieses Tool. <br \/>\nEs bindet sich in das &#8220;Senden An&#8221;- Contextmen&uuml; des Explorers<br \/>\nein.<\/p>\n<p>      <\/b><\/font><\/p>\n<div style=\"text-align: center;\"><font size=\"1\"><b><a href=\"https:\/\/www.diwie.eu\/Download\/DirMailer.jpg\"><img decoding=\"async\" alt=\"Screenshot vom DirMailer\" src=\"https:\/\/www.diwie.eu\/MySymbols\/029153-green-jelly-icon-culture-world1.png\" border=\"0\" width=\"105\"><\/a><\/b><\/font>\n      <\/div>\n<p>      <font size=\"1\"><b> <\/b><font color=\"#006633\"><br \/>\n      <\/font><\/font><\/td>\n<\/tr>\n<\/tbody>\n<\/table>\n<p><\/font><\/b><\/center>\n<\/div>\n<p>&nbsp;<\/p>\n<p>&nbsp;<\/p>\n<p align=\"center\"><b><font face=\"Verdana\" size=\"4\"><br \/>\nFilmDesc &#8211;  &#8211; Filmbeschreibungen aus dem Internet laden<br \/>\n\t\t<\/font><\/b><\/p>\n<p><center><font color=\"#ffff00\"><a href=\"https:\/\/www.diwie.eu\/Download\/FilmDesc.exe\"><br \/>\n<font color=\"#ffff00\">DOWNLOAD<\/font><\/a> <\/font><br \/>\n<font color=\"#ffff00\"><a href=\"https:\/\/www.diwie.eu\/Download\/FilmDesc.exe\"><font color=\"#ffff00\"><img loading=\"lazy\" decoding=\"async\" src=\"https:\/\/www.diwie.eu\/MySymbols\/029153-green-jelly-icon-culture-world1.png\" border=\"0\" height=\"32\" width=\"32\"><\/font><\/a><\/font><blink><em><font color=\"#ffff00\">&nbsp;<br \/>\n<\/font><\/em><\/blink> <\/font><font color=\"Yellow\"><em><blink><a href=\"https:\/\/www.diwie.eu\/Download\/FilmDesc.exe\"><font color=\"#ffff00\">DOWNLOAD<\/font><\/a><\/blink><\/em><\/font><\/font><\/b><\/div>\n<\/p>\n<p><center><\/p>\n<p align=\"left\">\n\t\t<font face=\"Verdana\" size=\"3\"><br \/>\nMit diesem Tool erh\u00e4lt man die Beschreibung eines Filmes aus dem Internet in eine Textdatei.<\/p>\n<p>FilmDesc [Name des Filmes]<\/p>\n<p>z.B.: FilmDesc Mit Herz und Hand<br \/>\n<br \/>Speichert die Beschreibung im aktuellen Verzeichnis unter: Mit Herz und Hand.TXT<\/p>\n<p>&nbsp;<\/p>\n<p>&nbsp;<\/p>\n<p align=\"center\"><b><font face=\"Verdana\" size=\"4\">RunUSB &#8211; PStart oder Portable Apps Men\u00fc starten<br \/>\n\t\t<\/font><\/b><\/p>\n<p><center><font color=\"#ffff00\"><a href=\"https:\/\/www.diwie.eu\/Download\/RunUSB.exe\"><br \/>\n<font color=\"#ffff00\">DOWNLOAD<\/font><\/a> <\/font><br \/>\n<font color=\"#ffff00\"><a href=\"https:\/\/www.diwie.eu\/Download\/RunUSB.exe\"><font color=\"#ffff00\"><img loading=\"lazy\" decoding=\"async\" src=\"https:\/\/www.diwie.eu\/MySymbols\/029153-green-jelly-icon-culture-world1.png\" border=\"0\" height=\"32\" width=\"32\"><\/font><\/a><\/font><blink><em><font color=\"#ffff00\">&nbsp;<br \/>\n<\/font><\/em><\/blink> <font color=\"Yellow\"><em><blink><a href=\"https:\/\/www.diwie.eu\/Download\/RunUSB.exe\"><font color=\"#ffff00\">DOWNLOAD<\/font><\/a><\/blink><\/em><\/font><\/p>\n<p><center><\/p>\n<p align=\"left\">\n\t\t<font face=\"Verdana\" size=\"3\">Steckt man seinen USB-Stick an, kann man durch das Auswahlmen\u00fc PStart direkt starten.<br \/>\nBefindet sich der Stick jedoch vor dem Windows-Start schon am Rechner, wird das Men\u00fc nicht geladen. Hier Hilft: <\/p>\n<p>RunUSB.exe <\/p>\n<p>Das Programm installiert sich in den Autostart und startet bei jedem Windows-Start das jeweilige Men\u00fc mit.<\/font><\/p>\n<p align=\"left\"><font face=\"Verdana\" size=\"3\">Wird der Stick sp\u00e4ter eingesteckt k\u00f6nnen weiterhin die folgenden Eintr\u00e4ge verwendent werden:<\/font><\/p>\n<div style=\"text-align: left;\">[autorun]<br \/>OPEN=PStart.exe<br \/>ICON=PStart.exe<br \/>ACTION=Usb-Menu<br \/>Label=PStart<\/p>\n<div style=\"text-align: left;\">[autorun]<br \/>Open=PortableAppsPortableAppsMenuPortableAppsMenu.exe<br \/>Action=Start PortableApps<br \/>Icon=PortableAppsPortableAppsMenuPortableAppsMenu.exe<br \/>Label=PortableApps<\/p>\n<p><font face=\"Verdana\" size=\"3\">Nun<br \/>\nkann mit Hilfe der Autostart-Funktion von PStart eine ganze Reihe von<br \/>\nProgrammen direkt beim Windows-Start vom USB-Stick gestartet werden.<\/p>\n<p><\/font><\/p>\n<div style=\"text-align: center;\"><font face=\"Verdana\" size=\"3\"><img decoding=\"async\" style=\"width: 490px; height: 405px;\" alt=\"Beispiel f\u00fcr den Autostart von PStart\" title=\"Beispiel f\u00fcr den Autostart von PStart\" src=\"https:\/\/www.diwie.eu\/MySymbols\/029153-green-jelly-icon-culture-world1.png\"><\/font><\/div>\n<\/div>\n<p style=\"margin-left: 40px; margin-right: 40px;\" align=\"left\">\n<font face=\"Verdana\" size=\"3\"><font face=\"Verdana\" size=\"5\"><br \/>\n<strong><\/p>\n<div style=\"text-align: center;\" lang=\"de\"><b><font face=\"Verdana\">MyHotKey &#8211; Tastenk\u00fcrzel f\u00fcr die h\u00e4ufigsten Programme<br \/>\n<font size=\"3\"> <br \/>\n<a href=\"https:\/\/www.diwie.eu\/Download\/MyHotKey.exe\"><font color=\"#ffff00\"><br \/>\n<font color=\"#ffff00\">DOWNLOAD<\/font> <\/font><font color=\"#ffff00\"><font color=\"#ffff00\"><img decoding=\"async\" style=\"border: 0px solid ; width: 36px; height: 36px;\" alt=\"Symbol-Miniaturansicht\" src=\"https:\/\/www.diwie.eu\/MySymbols\/029153-green-jelly-icon-culture-world1.png\"><\/font><\/font><\/a><br \/>\n<blink><a href=\"https:\/\/www.diwie.eu\/Download\/MyHotKey.exe\"><em><font color=\"#ffff00\">&nbsp;<br \/>\n<\/font><\/em><\/a><\/blink> <\/font><a href=\"https:\/\/www.diwie.eu\/Download\/MyHotKey.exe\"><font color=\"Yellow\"><em><blink><font color=\"#ffff00\">DOWNLOAD<\/font><\/blink><\/em><\/font><\/a><\/font><\/b><\/div>\n<div align=\"center\">\n<b><font face=\"Verdana\"> <\/font><\/b><br \/>\n<center><b><font face=\"Verdana\"><\/p>\n<table style=\"border-collapse: collapse; width: 527px; height: 115px;\" id=\"AutoNumber1\" border=\"0\" bordercolor=\"#111111\" cellpadding=\"0\" cellspacing=\"0\">\n<tbody>\n<tr>\n<td align=\"center\" width=\"100%\">\n<div lang=\"de\"><b> <font face=\"Verdana\"><font size=\"2\">MyHotKey V1.0<\/font><\/font><\/b><\/div>\n<\/td>\n<\/tr>\n<tr>\n<td width=\"100%\"> <font size=\"1\"><b>Bietet<br \/>\nTastenk\u00fcrzel die sich nicht mit anderen Windows-Funktionen<br \/>\n\u00fcberschneiden f\u00fcr folgende Programme\/Funktionen: <br \/>\n      <\/b><\/font><\/p>\n<table class=\"MsoNormalTable\" style=\"border-collapse: collapse; width: 100%;\" border=\"0\" cellpadding=\"0\" cellspacing=\"0\">\n<tbody>\n<tr style=\"page-break-inside: avoid; height: 105.3pt;\">\n<td style=\"padding: 0cm 0.75pt; width: 148.8pt; height: 105.3pt;\" valign=\"top\" width=\"198\"><small><small><small><br \/>\n            <\/small><\/small><\/small> <br \/>\n            <small><small><small><br \/>\n&nbsp;&nbsp;&nbsp;&nbsp; Win<br \/>\nA&nbsp;&nbsp;&nbsp;&nbsp;&nbsp;&nbsp;&nbsp;&nbsp;<br \/>\n&nbsp; Access<\/small><\/small><\/small> <small><small><small><br \/>\n            <\/small><\/small><\/small> <br \/>\n            <small><small><small>&nbsp;&nbsp;&nbsp;&nbsp;<br \/>\nWin F12&nbsp;&nbsp;&nbsp;&nbsp; &nbsp; Eigene<br \/>\nDateien <\/small><\/small><\/small> <small><small><small><br \/>\n            <\/small><\/small><\/small> <br \/>\n            <small><small><small>&nbsp;&nbsp;<br \/>\n&nbsp;&nbsp;Win<br \/>\nF5&nbsp;&nbsp;&nbsp;&nbsp;&nbsp;&nbsp;<br \/>\n&nbsp; Web-Browser \u00f6ffnen<\/small><\/small><\/small><br \/>\n            <small><small><small> <\/small><\/small><\/small><br \/>\n            <br \/>\n            <small><small><small>&nbsp;<br \/>\n&nbsp;&nbsp;&nbsp;Win<br \/>\nF9&nbsp;&nbsp;&nbsp;&nbsp;&nbsp;&nbsp;<br \/>\n&nbsp; Clipartsammlung \u00f6ffnen<\/small><\/small><\/small><br \/>\n            <small><small><small> <\/small><\/small><\/small><br \/>\n            <\/p>\n<p>            <small><small><small>&nbsp;<br \/>\n&nbsp;&nbsp;&nbsp;Win<br \/>\nG&nbsp;&nbsp;&nbsp;&nbsp;&nbsp;&nbsp;&nbsp;<br \/>\n&nbsp; Gelbe Seiten<\/small><\/small><\/small> <small><small><small><br \/>\n            <\/small><\/small><\/small> <br \/>\n            <small><small><small>&nbsp;<br \/>\n&nbsp;&nbsp;&nbsp;Win<br \/>\nI&nbsp;&nbsp;&nbsp;&nbsp;&nbsp;&nbsp;&nbsp;&nbsp;&nbsp;<br \/>\n&nbsp; InfoPath<\/small><\/small><\/small> <small><small><small><br \/>\n            <\/small><\/small><\/small> <br \/>\n            <small><small><small>&nbsp;<br \/>\n&nbsp;&nbsp;&nbsp;Win<br \/>\nL&nbsp;&nbsp;&nbsp;&nbsp;&nbsp;&nbsp;&nbsp;&nbsp;<br \/>\n&nbsp; Computer sperren<\/small><\/small><\/small> <small><small><small><br \/>\n            <\/small><\/small><\/small> <br \/>\n            <small><small><small>&nbsp;<br \/>\n&nbsp;&nbsp;&nbsp;Win<br \/>\nB&nbsp;&nbsp;&nbsp;&nbsp;&nbsp;&nbsp;&nbsp;&nbsp;<br \/>\n&nbsp; Lexikon<\/small><\/small><\/small> <small><small><small><br \/>\n            <\/small><\/small><\/small> <br \/>\n            <small><small><small>&nbsp;&nbsp;&nbsp;&nbsp;<br \/>\n            <span style=\"font-size: 6pt; color: navy; display: none;\" lang=\"EN-GB\"><br style=\"page-break-before: always;\" clear=\"all\"><br \/>\n            <\/span>Win<br \/>\nO&nbsp;&nbsp;&nbsp;&nbsp;&nbsp;&nbsp;&nbsp;<br \/>\n&nbsp; Outlook<\/small><\/small><\/small> <small><small><small><br \/>\n            <\/small><\/small><\/small> <br \/>\n            <small><small><small>&nbsp;<br \/>\n&nbsp;&nbsp;&nbsp;Win<br \/>\nP&nbsp;&nbsp;&nbsp;&nbsp;&nbsp;&nbsp;&nbsp;&nbsp;<br \/>\n&nbsp; PowerPoint<\/small><\/small><\/small> <small><small><small><br \/>\n            <\/small><\/small><\/small><\/p>\n<p class=\"MsoNormal\" style=\"margin-right: 13.85pt;\"><small><small><small>&nbsp;<br \/>\n&nbsp;&nbsp;&nbsp;Win<br \/>\nS&nbsp;&nbsp;&nbsp;&nbsp;&nbsp;&nbsp;&nbsp;&nbsp;<br \/>\n&nbsp; Clip Organizer<\/small><\/small><\/small> <small><small><small><br \/>\n            <\/small><\/small><\/small><\/p>\n<\/td>\n<td style=\"padding: 0cm 0.75pt; vertical-align: top; height: 105.3pt; width: 50%;\"><small><small><small><br \/>\n            <\/small><\/small><\/small> <br \/>\n            <small><small><small><br \/>\nWin Shift F&nbsp;&nbsp;&nbsp;&nbsp; Frontpage<\/small><\/small><\/small><br \/>\n            <small><small><small> <\/small><\/small><\/small><br \/>\n            <br \/>\n            <small><small><small>Win Shift<br \/>\nS&nbsp;&nbsp;&nbsp;&nbsp; Bildschirmschoner<\/small><\/small><\/small><br \/>\n            <small><small><small> <\/small><\/small><\/small><br \/>\n            <small><small><small><br \/>\nWin Strg S&nbsp;&nbsp;&nbsp;&nbsp; Monitor ausschalten <\/small><\/small><\/small><br \/>\n            <small><small><small> <\/small><\/small><\/small><br \/>\n            <br \/>\n            <small><small><small>Win<br \/>\nT&nbsp;&nbsp;&nbsp;&nbsp;&nbsp;&nbsp;&nbsp;&nbsp;&nbsp;&nbsp;&nbsp;&nbsp;&nbsp;<br \/>\naktuelle Termine anzeigen <\/small><\/small><\/small> <small><small><small><br \/>\n            <\/small><\/small><\/small> <br \/>\n            <small><small><small>Win<br \/>\nV&nbsp;&nbsp;&nbsp;&nbsp;&nbsp;&nbsp;&nbsp;&nbsp;&nbsp;&nbsp;&nbsp;&nbsp;&nbsp;<br \/>\nGrafikviewer<\/small><\/small><\/small> <small><small><small><br \/>\n            <\/small><\/small><\/small> <br \/>\n            <small><small><small>Win<br \/>\nW&nbsp;&nbsp;&nbsp;&nbsp;&nbsp;&nbsp;&nbsp;&nbsp;&nbsp;&nbsp;&nbsp;&nbsp;<br \/>\nWord<\/small><\/small><\/small> <small><small><small><br \/>\n            <\/small><\/small><\/small> <br \/>\n            <small><small><small>Win<br \/>\nX&nbsp;&nbsp;&nbsp;&nbsp;&nbsp;&nbsp;&nbsp;&nbsp;&nbsp;&nbsp;&nbsp;&nbsp;&nbsp;<br \/>\nExcel<\/small><\/small><\/small> <small><small><small><br \/>\n            <\/small><\/small><\/small> <br \/>\n            <small><small><small>Win<br \/>\nZ&nbsp;&nbsp;&nbsp;&nbsp;&nbsp;&nbsp;&nbsp;&nbsp;&nbsp;&nbsp;&nbsp;&nbsp;&nbsp;<br \/>\n\u00dcbersetzungsprogramm<br \/>\nWin Num0&nbsp;&nbsp;&nbsp;&nbsp;&nbsp; Arbeitsplatz<br \/>\n(Num1-9 Laufwerke A-J)<br \/>\nWin<br \/>\n&#8211;&nbsp;&nbsp;&nbsp;&nbsp;&nbsp;&nbsp;&nbsp;&nbsp;&nbsp;&nbsp;&nbsp;&nbsp;&nbsp;&nbsp;<br \/>\nTaschenrechner<\/small><\/small><\/small> <small><small><small><br \/>\n            <\/small><\/small><\/small><\/p>\n<p class=\"MsoNormal\" style=\"margin-right: 13.85pt;\"><small><small><small>Win<br \/>\nStrg &#8211;&nbsp;&nbsp;&nbsp;&nbsp;&nbsp; Taschenrechner<br \/>\nwissenschaftlich<\/small><\/small><\/small> <small><small><small><br \/>\n            <\/small><\/small><\/small><\/p>\n<\/td>\n<\/tr>\n<\/tbody>\n<\/table>\n<p><\/p>\n<p><!--      <font size=\"1\"><b> <br \/>\n      <\/b><\/font> <br \/>\n      \n\n<div style=\"text-align: center;\" lang=\"de\"><b><font face=\"Verdana\">AutoText<br \/>\n      <font size=\"3\"> <br \/>\n      <a href=\"https:\/\/www.diwie.eu\/Download\/AutoText.exe\"><font color=\"#ffff00\">\n      <font color=\"#ffff00\">DOWNLOAD<\/font> <\/font><font color=\"#ffff00\"><font color=\"#ffff00\"><img decoding=\"async\" style=\"border: 0px solid ; width: 36px; height: 36px;\" alt=\"Symbol-Miniaturansicht\" src=\"https:\/\/www.diwie.eu\/MySymbols\/029153-green-jelly-icon-culture-world1.png\"><\/font><\/font>\n      <\/a><blink><a href=\"https:\/\/www.diwie.eu\/Download\/AutoText.exe\"><em><font color=\"#ffff00\">&nbsp;\n      <\/font><\/em><\/a><\/blink> <\/font><a href=\"https:\/\/www.diwie.eu\/Download\/AutoText.exe\"><font color=\"Yellow\"><em><blink><font color=\"#ffff00\">DOWNLOAD<\/font><\/blink><\/em><\/font><\/a><\/font><\/b><\/div>\n\n\n      <b><font face=\"Verdana\"> <\/font><\/b>\n      <b><font face=\"Verdana\">\n      \n\n<table style=\"border-collapse: collapse; width: 527px; height: 115px;\" id=\"AutoNumber1\" border=\"0\" bordercolor=\"#111111\" cellpadding=\"0\" cellspacing=\"0\">\n        \n\n<tbody>\n          \n\n<tr>\n            \n\n<td align=\"center\" width=\"100%\">\n            \n\n<div lang=\"de\"><b> <font face=\"Verdana\"><font size=\"2\">AutoText V1.0<\/font><\/font><\/b><\/div>\n\n\n            <\/td>\n\n\n          <\/tr>\n\n\n          \n\n<tr>\n            \n\n<td width=\"100%\"> <font size=\"1\"><b>Korrigiert Fehler beim Schreiben in ganz Windows. &nbsp;z.B.<br \/>\n            <\/b><\/font>\n            \n\n<table class=\"MsoNormalTable\" style=\"border-collapse: collapse; width: 100%;\" border=\"0\" cellpadding=\"0\" cellspacing=\"0\">\n              \n\n<tbody>\n                \n\n<tr style=\"page-break-inside: avoid; height: 105.3pt;\">\n                  \n\n<td style=\"padding: 0cm 0.75pt; width: 148.8pt; height: 105.3pt;\" valign=\"top\" width=\"198\"><small><small><small>wiederschreiben<br \/>\nvorhandne<br \/>\nrie\u00dfig<br \/>\nf+r<br \/>\nUmlaute#<\/small><\/small><\/small><\/td>\n\n\n                  \n\n<td style=\"padding: 0cm 0.75pt; vertical-align: top; height: 105.3pt; width: 50%;\"><font face=\"Verdana\"><font face=\"Verdana\"><small><small><small>wiederschreiben<br \/>\nvorhanden<br \/>\nriesig<br \/>\nf\u00fcr<br \/>\n&amp;nbsp; &amp;auml; &amp;Auml; &amp;ouml;\n&amp;Ouml; &amp;uuml; &amp;Uuml; &amp;szlig;\n&amp;gt; &amp;lt; &amp;amp<\/small><\/small><\/small><\/font><\/font>\n                  <\/td>\n\n\n                <\/tr>\n\n\n              <\/tbody>\n\n\n            <\/table>\n\n\n            <\/td>\n\n\n          <\/tr>\n\n\n        <\/tbody>\n\n\n      <\/table>\n\n\n      <\/font><\/b><\/td>\n\n\n    <\/tr>\n\n\n  <\/tbody>\n\n\n<\/table>\n\n\n<\/font><\/b><\/center>\n<\/div>\n\n\n<br \/>\n\n\n<p>--><\/p>\n","protected":false},"excerpt":{"rendered":"<p>Kalender &amp; Terminplaner DOWNLOAD DOWNLOAD \u00a0 TXT-KALENDER DIE SCHNELLE \u00dcBERSICHT \u00a0Wahnsinnig schnell wechseln\u00a0Sie von Jahr zu Jahr, speichern\u00a0Geburtsdaten, und k\u00f6nnen\u00a0nun endlich auch einmal Ihren eigenen\u00a0 KALENDER erstellen und bearbeiten.\u00a0 Machen Sie sich unabh\u00e4ngig!!!\u00a0 \u00bb\u00bb TXT-Taschenkalender V1.0 \u00ab\u00ab &nbsp; VT2TXT &#8211; Datum und Uhrzeit automatisch aus dem Internet aktualisieren DOWNLOAD &nbsp; DOWNLOAD Der Videotext zu Text-Konverter [&hellip;]<\/p>\n","protected":false},"author":1,"featured_media":27,"parent":0,"menu_order":0,"comment_status":"closed","ping_status":"closed","template":"","meta":{"_bbp_topic_count":0,"_bbp_reply_count":0,"_bbp_total_topic_count":0,"_bbp_total_reply_count":0,"_bbp_voice_count":0,"_bbp_anonymous_reply_count":0,"_bbp_topic_count_hidden":0,"_bbp_reply_count_hidden":0,"_bbp_forum_subforum_count":0,"_crdt_document":"","rop_custom_images_group":[],"rop_custom_messages_group":[],"rop_publish_now":"initial","rop_publish_now_accounts":{"facebook_10157842446526608_172944659475038":""},"rop_publish_now_history":[],"rop_publish_now_status":"pending","ngg_post_thumbnail":0,"exifize_date":"","footnotes":""},"class_list":["bg-stuff"],"publishpress_future_action":{"enabled":false,"date":"2026-04-21 23:57:41","action":"change-status","newStatus":"draft","terms":[],"taxonomy":"","extraData":[]},"publishpress_future_workflow_manual_trigger":{"enabledWorkflows":[]},"_links":{"self":[{"href":"https:\/\/www.Diwie.eu\/wordpress\/wp-json\/wp\/v2\/pages\/26","targetHints":{"allow":["GET"]}}],"collection":[{"href":"https:\/\/www.Diwie.eu\/wordpress\/wp-json\/wp\/v2\/pages"}],"about":[{"href":"https:\/\/www.Diwie.eu\/wordpress\/wp-json\/wp\/v2\/types\/page"}],"author":[{"embeddable":true,"href":"https:\/\/www.Diwie.eu\/wordpress\/wp-json\/wp\/v2\/users\/1"}],"replies":[{"embeddable":true,"href":"https:\/\/www.Diwie.eu\/wordpress\/wp-json\/wp\/v2\/comments?post=26"}],"version-history":[{"count":0,"href":"https:\/\/www.Diwie.eu\/wordpress\/wp-json\/wp\/v2\/pages\/26\/revisions"}],"wp:featuredmedia":[{"embeddable":true,"href":"https:\/\/www.Diwie.eu\/wordpress\/wp-json\/wp\/v2\/media\/27"}],"wp:attachment":[{"href":"https:\/\/www.Diwie.eu\/wordpress\/wp-json\/wp\/v2\/media?parent=26"}],"curies":[{"name":"wp","href":"https:\/\/api.w.org\/{rel}","templated":true}]}}