{"id":68,"date":"2010-08-13T12:44:13","date_gmt":"2010-08-13T10:44:13","guid":{"rendered":"https:\/\/www.diwie.eu\/wordpress\/kroatien-2010\/"},"modified":"2019-02-11T13:07:09","modified_gmt":"2019-02-11T12:07:09","slug":"kroatien-2010","status":"publish","type":"page","link":"https:\/\/www.Diwie.eu\/wordpress\/kroatien-2010\/","title":{"rendered":"Kroatien 2010"},"content":{"rendered":"<p><object data=\"https:\/\/diwie.dynv6.net:81\/dyn\/Fotos\/Kroatien2010\/Urlaub%202010.pdf\" type=\"application\/pdf\" width=\"100%\" height=\"100%\"><\/object><\/p>\n<p>\nFreitag 4.6.2010<br \/>\n&#8211; Zum Gl\u00fcck um 12:30 Uhr von Arbeit heim gekommen<br \/>\n-Steve alles vorbereitet, ca. 13:15 Uhr losgefahren<br \/>\n-bis Slovenien alles reibungslos, dann extreme M\u00fcdigkeitsattacken von Claudi<br \/>\n&#8211; Grenz\u00fcbergang Slovenien &#8211; Kroatien: Claudi glaubte ihren Personalausweis verloren, Steve hat ihn unterm Beifahrersitz gefunden<br \/>\n&#8211; Zwei Stunden geschlafen, von 2:00-4:00 Uhr dann war es zu kalt<\/p>\n<p>Samstag 5.6.2010<br \/>\n&#8211; Kroatien zieht sich, viele Steine und B\u00fcsche, karge Landschaft<br \/>\n&#8211; Autobahn Ende, Umleitung, abenteuerliche Stra\u00dfen bis zur F\u00e4hre in Ploce nach Trpanj<br \/>\n&#8211; Manja und Enne kommen gerade noch rechtzeitig um gemeinsam \u00fcberzusetzen<br \/>\n&#8211; Fahrt zur 2. F\u00e4hre von Orebic nach Dominice<br \/>\n&#8211; erste Palmen, Zitrusfr\u00fcchte, Feigenb\u00e4ume<br \/>\n&#8211; quer \u00fcber Korcula nach BRNA, dann haben wir das Hotel schnell gefunden<br \/>\n&#8211; Zimmer bezogen, dann auf an den Strand<br \/>\n&#8211; erstes Mal im Meer schwimmen<br \/>\n&#8211; Kaffee trinken<br \/>\n&#8211; Abendbrot fast verschlafen<br \/>\n&#8211; lecker Essen und Wein<br \/>\n&#8211; noch ein bisschen am Pool gesessen, Flederm\u00e4use gesehen<br \/>\n&#8211; Endlich wieder schlafen!<\/p>\n<p>Sonntag 6.6.2010<br \/>\n&#8211; halb 6 haben die Fischerbote l\u00e4rm gemacht<br \/>\n&#8211; halb 8 sind wir von selbst aufgewacht<br \/>\n&#8211; lecker Fr\u00fchst\u00fcck mit 3 verschiedenen Zubereitungsarten von Eiern, Marmelade, Salat, Obst &#8211; nur der Kaffee schmeckt nicht so recht<br \/>\n&#8211; Enne hat uns einen tollen Strandplatz mit Liegen und Sonnenschirm gebaut<br \/>\n&#8211; Boot aufgeblasen und erste Tour durch die Bucht gepaddelt, herrlich<br \/>\n&#8211; Manja und Enne sind zum Supermarkt, wir haben geschnorchelt und 10 verschiedene Arten von Fischen gesehen<br \/>\n&#8211; Zum Mittag gabs Fisch, Rind, Schwein &#8211; alles was das Herz begehrt, Weinschorle haben wir mit zum Strand genommen<br \/>\n&#8211; die zweite Bootstour war anstrengend, es war einfach zu windig<br \/>\n&#8211; wir haben in der Sonne gelegen bis der Schatten vom Hotel kam<br \/>\n&#8211; Leider kein Tischtennis vorhanden, Buch lesen bis zum Abendbrot<\/p>\n<p>Montag\/Dienstag<br \/>\n&#8211; absoluter Strand-Gammeltag<br \/>\n&#8211; abends lief eine Ratte \u00fcber Gel\u00e4nder<br \/>\n&#8211; Boot gefahren<br \/>\n&#8211; geschnorchelt<\/p>\n<p>Mittwoch<br \/>\n&#8211; Ausflug nach Korcula und zum Sandstrand in Lumbarda<br \/>\n&#8211; Lunchpacket zum Mittag erhalten mit Obst, Tomate, Trinkp\u00e4ckchen<br \/>\n&#8211; Manja und Enne haben Claudi erfolgreich abgehalten, eine Kette zu kaufen<br \/>\n&#8211; Manja hat Meloneneis gegesse, Steve Kokos, Claudi Tiramisu<br \/>\n&#8211; Manja und Enne haben Strandmatten gekauft<br \/>\n&#8211; Postkarten besorgt<br \/>\n&#8211; zum Kaffee waren wir wieder im Hotel<br \/>\n&#8211; Uno gespielt<\/p>\n<p>Donnerstag<br \/>\n&#8211; wieder Gammeltag<br \/>\n&#8211; SkipBo ausgeliehen<\/p>\n<p>Freitag<br \/>\n&#8211; Vormittag Ausflug nach Vela Luka und Blato<br \/>\n&#8211; Mittag im Hotel<br \/>\n&#8211; Nachmittag zum Strand nach Istruga<br \/>\n&#8211; abends Romm\u00e9 ohne Enne<\/p>\n<p>Samstag<br \/>\n&#8211; Wetter wolkig<br \/>\n&#8211; Manja und Enne nach Vela Luka um auszukundschaften, ob man r\u00fcckw\u00e4rts nach Deutschland mit der F\u00e4hre nach Split fahren kann<br \/>\n&#8211; Surflehrer angesprochen<br \/>\n&#8211; Steve hat eine Stunde gleich am Vormittag genommen, war etwas viel Wind (Manja und Enne kamen gegen Mittag zur\u00fcck und waren \u00fcberrascht)<br \/>\n&#8211; Mittag gegessen<br \/>\n&#8211; gegen 14:00 Uhr, Steves 2. Surfstunde<br \/>\n&#8211; Claudi am Strand ausgerutscht und Hand verstaucht<br \/>\n&#8211; nach Steve&#8217;s Surfstunde hat Claudi sich auch mal auf das Brett gestellt und ist gleich wieder umgefallen<br \/>\n&#8211; beim Abendbrot hat die Getr\u00e4nketante das erste Mal gemogelt und uns Saft umsonst gegeben<br \/>\n&#8211; Romm\u00e9 gespielt, Claudi hat gewonnen, Wein mit aufs Zimmer genommen<br \/>\n&#8211; Enne hat Claudis Hand verbunden &#8211; daraufhin hat sich beim Abendbrot das halbe Hotel nach Claudis Verletzung erkundigt<\/p>\n<p>Sonntag 13.6.2010<br \/>\n&#8211; Steves letzte Surfstunden am Vormittag<br \/>\n&#8211; Claudi hat den Droprovnikausflug bezahlt und die Rezeptionistin hat gesagt, dass man in Blato abends gut ausgehen kann<br \/>\n&#8211; Manja hat am Nachmittag erste Surfstunden genommen und ist ganz selten ins Wasser gefallen<br \/>\n&#8211; Die Lesben meinen, Claudis Handgelenk mit Magnetismus heilen zu k\u00f6nnen<br \/>\n&#8211; Claudi ist ein bisschen neidisch, sie will eventuell auch surfen<br \/>\n&#8211; Enne ist schon im Formel 1 und Fu\u00dfball-Weltmeisterfieber<br \/>\n&#8211; Claudi hat beim Abendbrot ein Magnetband von Diana f\u00fcr ihr Handgelenk bekommen<br \/>\n&#8211; diesmal haben wir alleine SkipBo gespielt und anschlie\u00dfend Uno mit Diana und Birgit<br \/>\n&#8211; Deutschland hat 4:0 gewonnen<br \/>\n&#8211; So viele M\u00fccken, dass sich Enne auf die Wangen haut<\/p>\n<p>Montag<br \/>\n&#8211; Das Wetter ist wolkig und diesig doch trotzdem sonnig<br \/>\n&#8211; Manja surft wieder am Vormittag und f\u00e4llt nur ganz selten ins Wasser<\/p>\n<p>Mittwoch<br \/>\n&#8211; Ausflug nach Dubrovnik<br \/>\n&#8211; es war sehr hei\u00df, sch\u00f6n und anstrengend<br \/>\n&#8211; Abends Life-Musik am Pool<br \/>\n&#8211; Nacktbaden<\/p>\n<p>Donnerstag<br \/>\n&#8211; Steve ist beim Schnorcheln abhanden gekommen<br \/>\n&#8211; Postkarten geschrieben<br \/>\n&#8211; Uno gespielt<\/p>\n","protected":false},"excerpt":{"rendered":"<p>Freitag 4.6.2010 &#8211; Zum Gl\u00fcck um 12:30 Uhr von Arbeit heim gekommen -Steve alles vorbereitet, ca. 13:15 Uhr losgefahren -bis Slovenien alles reibungslos, dann extreme M\u00fcdigkeitsattacken von Claudi &#8211; Grenz\u00fcbergang Slovenien &#8211; Kroatien: Claudi glaubte ihren Personalausweis verloren, Steve hat ihn unterm Beifahrersitz gefunden &#8211; Zwei Stunden geschlafen, von 2:00-4:00 Uhr dann war es zu [&hellip;]<\/p>\n","protected":false},"author":1,"featured_media":0,"parent":0,"menu_order":0,"comment_status":"closed","ping_status":"closed","template":"","meta":{"_bbp_topic_count":0,"_bbp_reply_count":0,"_bbp_total_topic_count":0,"_bbp_total_reply_count":0,"_bbp_voice_count":0,"_bbp_anonymous_reply_count":0,"_bbp_topic_count_hidden":0,"_bbp_reply_count_hidden":0,"_bbp_forum_subforum_count":0,"_crdt_document":"","rop_custom_images_group":[],"rop_custom_messages_group":[],"rop_publish_now":"initial","rop_publish_now_accounts":{"facebook_10157842446526608_172944659475038":""},"rop_publish_now_history":[],"rop_publish_now_status":"pending","ngg_post_thumbnail":0,"exifize_date":"","footnotes":""},"class_list":["bg-stuff"],"publishpress_future_action":{"enabled":false,"date":"2026-05-04 03:32:52","action":"change-status","newStatus":"draft","terms":[],"taxonomy":"","extraData":[]},"publishpress_future_workflow_manual_trigger":{"enabledWorkflows":[]},"_links":{"self":[{"href":"https:\/\/www.Diwie.eu\/wordpress\/wp-json\/wp\/v2\/pages\/68","targetHints":{"allow":["GET"]}}],"collection":[{"href":"https:\/\/www.Diwie.eu\/wordpress\/wp-json\/wp\/v2\/pages"}],"about":[{"href":"https:\/\/www.Diwie.eu\/wordpress\/wp-json\/wp\/v2\/types\/page"}],"author":[{"embeddable":true,"href":"https:\/\/www.Diwie.eu\/wordpress\/wp-json\/wp\/v2\/users\/1"}],"replies":[{"embeddable":true,"href":"https:\/\/www.Diwie.eu\/wordpress\/wp-json\/wp\/v2\/comments?post=68"}],"version-history":[{"count":0,"href":"https:\/\/www.Diwie.eu\/wordpress\/wp-json\/wp\/v2\/pages\/68\/revisions"}],"wp:attachment":[{"href":"https:\/\/www.Diwie.eu\/wordpress\/wp-json\/wp\/v2\/media?parent=68"}],"curies":[{"name":"wp","href":"https:\/\/api.w.org\/{rel}","templated":true}]}}