{"id":96,"date":"2012-01-08T15:07:36","date_gmt":"2012-01-08T13:07:36","guid":{"rendered":"https:\/\/www.diwie.eu\/wordpress\/saat\/"},"modified":"2012-01-08T15:07:36","modified_gmt":"2012-01-08T13:07:36","slug":"saat","status":"publish","type":"page","link":"https:\/\/www.Diwie.eu\/wordpress\/saat\/","title":{"rendered":"Saat"},"content":{"rendered":"<p>&nbsp;<\/p>\n<p align=\"center\"><font face=\"Arial\"><strong>Aussaat der Gartenblumen und des<br \/>\nGem\u00fcses<\/strong><\/font><\/p>\n<p align=\"left\" style=\"margin-left: 43; margin-top: 0; margin-bottom: 0\"><font face=\"Verdana\" size=\"2\"><\/p>\n<div align=\"center\">\n  <center><\/p>\n<table border=\"0\" width=\"80%\" cellspacing=\"0\" style=\"border-collapse: collapse\" bordercolor=\"#111111\" cellpadding=\"0\">\n<tr>\n<td><font style=\"font-size: 6pt\"><b>Januar<\/b><\/font><\/td>\n<td><font style=\"font-size: 6pt\"><b>Februar<\/b><\/font><\/td>\n<td><font style=\"font-size: 6pt\"><b>M\u00e4rz<\/b><\/font><\/td>\n<td><font style=\"font-size: 6pt\"><b>April<\/b><\/font><\/td>\n<td><font style=\"font-size: 6pt\"><b>Mai<\/b><\/font><\/td>\n<td><font style=\"font-size: 6pt\"><b>Juni<\/b><\/font><\/td>\n<td><font style=\"font-size: 6pt\"><b>Juli<\/b><\/font><\/td>\n<td><font style=\"font-size: 6pt\"><b>August<\/b><\/font><\/td>\n<td><font style=\"font-size: 6pt\"><b>September<\/b><\/font><\/td>\n<td><font style=\"font-size: 6pt\"><b>Oktober<\/b><\/font><\/td>\n<td><font style=\"font-size: 6pt\"><b>November<\/b><\/font><\/td>\n<td><font style=\"font-size: 6pt\"><b>Dezember<\/b><\/font><\/td>\n<\/tr>\n<tr>\n<td><font size=\"1\">Tomaten<\/font><\/td>\n<td>\n        <font color=\"#000000\"><a href=\"https:\/\/www.diwie.eu\/Steve\/Garten\/Saat\/Loewenmaul.htm\"><br \/>\n        <font color=\"#000000\" face=\"Verdana\" size=\"1\">L\u00f6wenmaul<\/font><\/a><font size=\"1\"><br \/>\n          <\/font><br \/>\n          <\/font><br \/>\n          <font size=\"1\">40 cm<\/font><\/td>\n<td><font size=\"1\">Salat<\/font><\/td>\n<td><font size=\"1\">Kohlrabi<\/font><\/td>\n<td><font size=\"1\">Gurke<\/font><\/td>\n<td><a href=\"Kreuter\/Stiefmuetterchen.htm\"><br \/>\n        <font color=\"#000000\" face=\"Verdana\" size=\"1\">Stiefm\u00fctterchen<\/font><\/a><font size=\"1\"><br \/>\n          10 cm<\/font><\/td>\n<td>&nbsp;<\/td>\n<td>&nbsp;<\/td>\n<td>&nbsp;<\/td>\n<td>&nbsp;<\/td>\n<td>&nbsp;<\/td>\n<td>&nbsp;<\/td>\n<\/tr>\n<tr>\n<td>&nbsp;<\/td>\n<td><a href=\"https:\/\/www.diwie.eu\/Steve\/Garten\/Saat\/Brokkoli.htm\"><br \/>\n        <font color=\"#000000\" face=\"Verdana\" size=\"1\">Brokkolie<\/font><\/a><\/td>\n<td><font size=\"1\">M\u00f6hren<\/font><\/td>\n<td><font size=\"1\">Zuckererbsen<\/font><\/td>\n<td><font size=\"1\">Tausendsch\u00f6n<\/font><\/td>\n<td>&nbsp;<\/td>\n<td>&nbsp;<\/td>\n<td>&nbsp;<\/td>\n<td>&nbsp;<\/td>\n<td>&nbsp;<\/td>\n<td>&nbsp;<\/td>\n<td>&nbsp;<\/td>\n<\/tr>\n<tr>\n<td>&nbsp;<\/td>\n<td>&nbsp;<\/td>\n<td><font size=\"1\">Studentenblumen<\/font><\/td>\n<td><font size=\"1\">Zwergsonnenblume<br \/>\n          80 cm<\/font><\/td>\n<td><font size=\"1\">Goldlack<\/font><\/td>\n<td>&nbsp;<\/td>\n<td>&nbsp;<\/td>\n<td>&nbsp;<\/td>\n<td>&nbsp;<\/td>\n<td>&nbsp;<\/td>\n<td>&nbsp;<\/td>\n<td>&nbsp;<\/td>\n<\/tr>\n<tr>\n<td>&nbsp;<\/td>\n<td>&nbsp;<\/td>\n<td><font size=\"1\">Radieschen<\/font><\/td>\n<td><a href=\"https:\/\/www.diwie.eu\/Steve\/Garten\/Saat\/Schwarzwurzel.htm\"><br \/>\n        <font color=\"#000000\" face=\"Verdana\" size=\"1\">Schwarzwurzel<\/font><\/a><\/td>\n<td>&nbsp;<\/td>\n<td>&nbsp;<\/td>\n<td>&nbsp;<\/td>\n<td>&nbsp;<\/td>\n<td>&nbsp;<\/td>\n<td>&nbsp;<\/td>\n<td>&nbsp;<\/td>\n<td>&nbsp;<\/td>\n<\/tr>\n<tr>\n<td>&nbsp;<\/td>\n<td>&nbsp;<\/td>\n<td><font size=\"1\">Strandflieder<\/font><\/td>\n<td>&nbsp;<\/td>\n<td>&nbsp;<\/td>\n<td>&nbsp;<\/td>\n<td>&nbsp;<\/td>\n<td>&nbsp;<\/td>\n<td>&nbsp;<\/td>\n<td>&nbsp;<\/td>\n<td>&nbsp;<\/td>\n<td>&nbsp;<\/td>\n<\/tr>\n<tr>\n<td>&nbsp;<\/td>\n<td>&nbsp;<\/td>\n<td><font size=\"1\">Balkontomaten<\/font><\/td>\n<td>&nbsp;<\/td>\n<td>&nbsp;<\/td>\n<td>&nbsp;<\/td>\n<td>&nbsp;<\/td>\n<td>&nbsp;<\/td>\n<td>&nbsp;<\/td>\n<td>&nbsp;<\/td>\n<td>&nbsp;<\/td>\n<td>&nbsp;<\/td>\n<\/tr>\n<tr>\n<td>&nbsp;<\/td>\n<td>&nbsp;<\/td>\n<td>&nbsp;<\/td>\n<td>&nbsp;<\/td>\n<td>&nbsp;<\/td>\n<td>&nbsp;<\/td>\n<td>&nbsp;<\/td>\n<td>&nbsp;<\/td>\n<td>&nbsp;<\/td>\n<td>&nbsp;<\/td>\n<td>&nbsp;<\/td>\n<td>&nbsp;<\/td>\n<\/tr>\n<tr>\n<td>&nbsp;<\/td>\n<td>&nbsp;<\/td>\n<td>&nbsp;<\/td>\n<td>&nbsp;<\/td>\n<td>&nbsp;<\/td>\n<td>&nbsp;<\/td>\n<td>&nbsp;<\/td>\n<td>&nbsp;<\/td>\n<td>&nbsp;<\/td>\n<td>&nbsp;<\/td>\n<td>&nbsp;<\/td>\n<td>&nbsp;<\/td>\n<\/tr>\n<tr>\n<td>&nbsp;<\/td>\n<td>&nbsp;<\/td>\n<td>&nbsp;<\/td>\n<td>&nbsp;<\/td>\n<td>&nbsp;<\/td>\n<td>&nbsp;<\/td>\n<td>&nbsp;<\/td>\n<td>&nbsp;<\/td>\n<td>&nbsp;<\/td>\n<td>&nbsp;<\/td>\n<td>&nbsp;<\/td>\n<td>&nbsp;<\/td>\n<\/tr>\n<tr>\n<td>&nbsp;<\/td>\n<td>&nbsp;<\/td>\n<td>&nbsp;<\/td>\n<td>&nbsp;<\/td>\n<td>&nbsp;<\/td>\n<td>&nbsp;<\/td>\n<td>&nbsp;<\/td>\n<td>&nbsp;<\/td>\n<td>&nbsp;<\/td>\n<td>&nbsp;<\/td>\n<td>&nbsp;<\/td>\n<td>&nbsp;<\/td>\n<\/tr>\n<tr>\n<td>&nbsp;<\/td>\n<td>&nbsp;<\/td>\n<td>&nbsp;<\/td>\n<td>&nbsp;<\/td>\n<td>&nbsp;<\/td>\n<td>&nbsp;<\/td>\n<td>&nbsp;<\/td>\n<td>&nbsp;<\/td>\n<td>&nbsp;<\/td>\n<td>&nbsp;<\/td>\n<td>&nbsp;<\/td>\n<td>&nbsp;<\/td>\n<\/tr>\n<tr>\n<td>&nbsp;<\/td>\n<td>&nbsp;<\/td>\n<td>&nbsp;<\/td>\n<td>&nbsp;<\/td>\n<td>&nbsp;<\/td>\n<td>&nbsp;<\/td>\n<td>&nbsp;<\/td>\n<td>&nbsp;<\/td>\n<td>&nbsp;<\/td>\n<td>&nbsp;<\/td>\n<td>&nbsp;<\/td>\n<td>&nbsp;<\/td>\n<\/tr>\n<tr>\n<td>&nbsp;<\/td>\n<td>&nbsp;<\/td>\n<td>&nbsp;<\/td>\n<td>&nbsp;<\/td>\n<td>&nbsp;<\/td>\n<td>&nbsp;<\/td>\n<td>&nbsp;<\/td>\n<td>&nbsp;<\/td>\n<td>&nbsp;<\/td>\n<td>&nbsp;<\/td>\n<td>&nbsp;<\/td>\n<td>&nbsp;<\/td>\n<\/tr>\n<tr>\n<td>&nbsp;<\/td>\n<td>&nbsp;<\/td>\n<td>&nbsp;<\/td>\n<td>&nbsp;<\/td>\n<td>&nbsp;<\/td>\n<td>&nbsp;<\/td>\n<td>&nbsp;<\/td>\n<td>&nbsp;<\/td>\n<td>&nbsp;<\/td>\n<td>&nbsp;<\/td>\n<td>&nbsp;<\/td>\n<td>&nbsp;<\/td>\n<\/tr>\n<tr>\n<td>&nbsp;<\/td>\n<td>&nbsp;<\/td>\n<td>&nbsp;<\/td>\n<td>&nbsp;<\/td>\n<td>&nbsp;<\/td>\n<td>&nbsp;<\/td>\n<td>&nbsp;<\/td>\n<td>&nbsp;<\/td>\n<td>&nbsp;<\/td>\n<td>&nbsp;<\/td>\n<td>&nbsp;<\/td>\n<td>&nbsp;<\/td>\n<\/tr>\n<tr>\n<td>&nbsp;<\/td>\n<td>&nbsp;<\/td>\n<td>&nbsp;<\/td>\n<td>&nbsp;<\/td>\n<td>&nbsp;<\/td>\n<td>&nbsp;<\/td>\n<td>&nbsp;<\/td>\n<td>&nbsp;<\/td>\n<td>&nbsp;<\/td>\n<td>&nbsp;<\/td>\n<td>&nbsp;<\/td>\n<td>&nbsp;<\/td>\n<\/tr>\n<tr>\n<td>&nbsp;<\/td>\n<td>&nbsp;<\/td>\n<td>&nbsp;<\/td>\n<td>&nbsp;<\/td>\n<td>&nbsp;<\/td>\n<td>&nbsp;<\/td>\n<td>&nbsp;<\/td>\n<td>&nbsp;<\/td>\n<td>&nbsp;<\/td>\n<td>&nbsp;<\/td>\n<td>&nbsp;<\/td>\n<td>&nbsp;<\/td>\n<\/tr>\n<\/table>\n","protected":false},"excerpt":{"rendered":"<p>&nbsp; Aussaat der Gartenblumen und des Gem\u00fcses Januar Februar M\u00e4rz April Mai Juni Juli August September Oktober November Dezember Tomaten L\u00f6wenmaul 40 cm Salat Kohlrabi Gurke Stiefm\u00fctterchen 10 cm &nbsp; &nbsp; &nbsp; &nbsp; &nbsp; &nbsp; &nbsp; Brokkolie M\u00f6hren Zuckererbsen Tausendsch\u00f6n &nbsp; &nbsp; &nbsp; &nbsp; &nbsp; &nbsp; &nbsp; &nbsp; &nbsp; Studentenblumen Zwergsonnenblume 80 cm Goldlack &nbsp; [&hellip;]<\/p>\n","protected":false},"author":1,"featured_media":0,"parent":0,"menu_order":0,"comment_status":"closed","ping_status":"closed","template":"","meta":{"_bbp_topic_count":0,"_bbp_reply_count":0,"_bbp_total_topic_count":0,"_bbp_total_reply_count":0,"_bbp_voice_count":0,"_bbp_anonymous_reply_count":0,"_bbp_topic_count_hidden":0,"_bbp_reply_count_hidden":0,"_bbp_forum_subforum_count":0,"_crdt_document":"","rop_custom_images_group":[],"rop_custom_messages_group":[],"rop_publish_now":"initial","rop_publish_now_accounts":{"facebook_10157842446526608_172944659475038":""},"rop_publish_now_history":[],"rop_publish_now_status":"pending","ngg_post_thumbnail":0,"exifize_date":"","footnotes":""},"class_list":["bg-stuff"],"publishpress_future_action":{"enabled":false,"date":"2026-05-24 08:34:36","action":"change-status","newStatus":"draft","terms":[],"taxonomy":"","extraData":[]},"publishpress_future_workflow_manual_trigger":{"enabledWorkflows":[]},"_links":{"self":[{"href":"https:\/\/www.Diwie.eu\/wordpress\/wp-json\/wp\/v2\/pages\/96","targetHints":{"allow":["GET"]}}],"collection":[{"href":"https:\/\/www.Diwie.eu\/wordpress\/wp-json\/wp\/v2\/pages"}],"about":[{"href":"https:\/\/www.Diwie.eu\/wordpress\/wp-json\/wp\/v2\/types\/page"}],"author":[{"embeddable":true,"href":"https:\/\/www.Diwie.eu\/wordpress\/wp-json\/wp\/v2\/users\/1"}],"replies":[{"embeddable":true,"href":"https:\/\/www.Diwie.eu\/wordpress\/wp-json\/wp\/v2\/comments?post=96"}],"version-history":[{"count":0,"href":"https:\/\/www.Diwie.eu\/wordpress\/wp-json\/wp\/v2\/pages\/96\/revisions"}],"wp:attachment":[{"href":"https:\/\/www.Diwie.eu\/wordpress\/wp-json\/wp\/v2\/media?parent=96"}],"curies":[{"name":"wp","href":"https:\/\/api.w.org\/{rel}","templated":true}]}}